{"id":64022,"date":"2025-03-16T09:17:36","date_gmt":"2025-03-16T09:17:36","guid":{"rendered":"https:\/\/seilerei-brockamp.de\/?post_type=product&#038;p=64022"},"modified":"2025-06-11T18:52:29","modified_gmt":"2025-06-11T16:52:29","slug":"hundeleine-patentiert","status":"publish","type":"product","link":"https:\/\/seilerei-brockamp.de\/fr\/produkte\/hundeleine-patentiert\/","title":{"rendered":"Laisse pour chien (brevet\u00e9e)"},"content":{"rendered":"<div data-elementor-type=\"wp-post\" data-elementor-id=\"64022\" class=\"elementor elementor-64022\" data-elementor-post-type=\"product\">\n\t\t\t\t<div class=\"elementor-element elementor-element-75bf80bc e-flex e-con-boxed e-con e-parent\" data-id=\"75bf80bc\" data-element_type=\"container\">\n\t\t\t\t\t<div class=\"e-con-inner\">\n\t\t\t\t<div class=\"elementor-element elementor-element-6c4f72dc elementor-widget elementor-widget-text-editor\" data-id=\"6c4f72dc\" data-element_type=\"widget\" data-widget_type=\"text-editor.default\">\n\t\t\t\t<div class=\"elementor-widget-container\">\n\t\t\t\t\t\t\t\t\t<h6><strong data-start=\"120\" data-end=\"139\">AVANTAGES<\/strong><\/h6><p>-r\u00e9glable en continu<br \/>-Produit naturel <br \/>-Mat\u00e9riau souple<br \/>-traitement sans coutures\u00a0<\/p><hr data-start=\"508\" data-end=\"511\" \/><h6 data-start=\"513\" data-end=\"552\"><strong data-start=\"517\" data-end=\"550\">QUALIT\u00c9<\/strong><\/h6><p>MADE IN GERMANY<\/p><hr data-start=\"1428\" data-end=\"1431\" \/><h6 data-start=\"1433\" data-end=\"1457\"><strong data-start=\"1437\" data-end=\"1455\">DOMAINES D'INTERVENTION<\/strong><\/h6><p>A utiliser pour tenir le chien en laisse et le guider ou comme laisse de jogging en bandouli\u00e8re.<\/p><hr data-start=\"1710\" data-end=\"1713\" \/><h6 data-start=\"1715\" data-end=\"1734\"><strong data-start=\"1719\" data-end=\"1732\">NETTOYAGE<\/strong><\/h6><p>Lavable jusqu'\u00e0 30\u00b0C.<\/p><hr data-start=\"2044\" data-end=\"2047\" \/><h6 data-start=\"2049\" data-end=\"2066\"><strong data-start=\"2053\" data-end=\"2064\">DISTRIBUTEURS<\/strong><\/h6><p>Veuillez vous adresser \u00e0 notre partenaire de distribution<\/p><p>Oliver Ebert<br \/>Courrier \u00e9lectronique : info@dinoleine.de<br \/>Web : www.dinoleine.de<\/p>\t\t\t\t\t\t\t\t<\/div>\n\t\t\t\t<\/div>\n\t\t\t\t\t<\/div>\n\t\t\t\t<\/div>\n\t\t\t\t<\/div>","protected":false},"excerpt":{"rendered":"<p class=\"\" data-start=\"133\" data-end=\"218\">Pour toute information ou commande, veuillez vous adresser \u00e0 notre partenaire de distribution :<\/p>\n<p class=\"\" data-start=\"220\" data-end=\"315\">Dinoleine<br data-start=\"229\" data-end=\"232\" \/>Oliver Ebert<br data-start=\"244\" data-end=\"247\" \/>Frankfurter Str. 17<br data-start=\"266\" data-end=\"269\" \/>55545 Bad Kreuznach<\/p>\n<p>T\u00e9l. + Fax : 06727-953251<\/p>\n<p>La laisse pour chien est fabriqu\u00e9e en coton avec un diam\u00e8tre de corde de 10 mm, elle est r\u00e9glable en continu de 1,30 m \u00e0 2 m de longueur gr\u00e2ce au syst\u00e8me brevet\u00e9 Easy-Locking. Vous trouverez les instructions pour le syst\u00e8me de r\u00e9glage brevet\u00e9 dans la cat\u00e9gorie \"Service\".<\/p>","protected":false},"featured_media":62656,"template":"","meta":[],"product_brand":[],"product_cat":[120,145],"product_tag":[],"class_list":{"0":"post-64022","1":"product","2":"type-product","3":"status-publish","4":"has-post-thumbnail","6":"product_cat-hundeleine","7":"product_cat-hundeleine-in-baumwolle","9":"wcpa_has_options","11":"first","12":"outofstock","13":"shipping-taxable","14":"product-type-simple"},"_links":{"self":[{"href":"https:\/\/seilerei-brockamp.de\/fr\/wp-json\/wp\/v2\/product\/64022","targetHints":{"allow":["GET"]}}],"collection":[{"href":"https:\/\/seilerei-brockamp.de\/fr\/wp-json\/wp\/v2\/product"}],"about":[{"href":"https:\/\/seilerei-brockamp.de\/fr\/wp-json\/wp\/v2\/types\/product"}],"version-history":[{"count":7,"href":"https:\/\/seilerei-brockamp.de\/fr\/wp-json\/wp\/v2\/product\/64022\/revisions"}],"predecessor-version":[{"id":64466,"href":"https:\/\/seilerei-brockamp.de\/fr\/wp-json\/wp\/v2\/product\/64022\/revisions\/64466"}],"wp:featuredmedia":[{"embeddable":true,"href":"https:\/\/seilerei-brockamp.de\/fr\/wp-json\/wp\/v2\/media\/62656"}],"wp:attachment":[{"href":"https:\/\/seilerei-brockamp.de\/fr\/wp-json\/wp\/v2\/media?parent=64022"}],"wp:term":[{"taxonomy":"product_brand","embeddable":true,"href":"https:\/\/seilerei-brockamp.de\/fr\/wp-json\/wp\/v2\/product_brand?post=64022"},{"taxonomy":"product_cat","embeddable":true,"href":"https:\/\/seilerei-brockamp.de\/fr\/wp-json\/wp\/v2\/product_cat?post=64022"},{"taxonomy":"product_tag","embeddable":true,"href":"https:\/\/seilerei-brockamp.de\/fr\/wp-json\/wp\/v2\/product_tag?post=64022"}],"curies":[{"name":"wp","href":"https:\/\/api.w.org\/{rel}","templated":true}]}}