{"id":64005,"date":"2025-03-16T09:03:39","date_gmt":"2025-03-16T09:03:39","guid":{"rendered":"https:\/\/seilerei-brockamp.de\/?post_type=product&#038;p=64005"},"modified":"2025-05-08T09:48:42","modified_gmt":"2025-05-08T09:48:42","slug":"one-size-patentiert-kopie","status":"publish","type":"product","link":"https:\/\/seilerei-brockamp.de\/fr\/produkte\/one-size-patentiert-kopie\/","title":{"rendered":"One Size \/ (brevet\u00e9)"},"content":{"rendered":"<div data-elementor-type=\"wp-post\" data-elementor-id=\"64005\" class=\"elementor elementor-64005\" data-elementor-post-type=\"product\">\n\t\t\t\t<div class=\"elementor-element elementor-element-75bf80bc e-flex e-con-boxed e-con e-parent\" data-id=\"75bf80bc\" data-element_type=\"container\">\n\t\t\t\t\t<div class=\"e-con-inner\">\n\t\t\t\t<div class=\"elementor-element elementor-element-6c4f72dc elementor-widget elementor-widget-text-editor\" data-id=\"6c4f72dc\" data-element_type=\"widget\" data-widget_type=\"text-editor.default\">\n\t\t\t\t<div class=\"elementor-widget-container\">\n\t\t\t\t\t\t\t\t\t<h6><strong data-start=\"120\" data-end=\"139\">AVANTAGES<\/strong><\/h6><p>Le One-Size en coton 14mm ne laisse aucune trace de pression ou de frottement.<\/p><hr data-start=\"508\" data-end=\"511\" \/><h6 data-start=\"513\" data-end=\"552\"><strong data-start=\"517\" data-end=\"550\">QUALIT\u00c9<\/strong><\/h6><p>Qualit\u00e9 d'entra\u00eeneur professionnel<br \/>MADE IN GERMANY<\/p><hr data-start=\"1428\" data-end=\"1431\" \/><h6 data-start=\"1433\" data-end=\"1457\"><strong data-start=\"1437\" data-end=\"1455\">DOMAINES D'INTERVENTION<\/strong><\/h6><p>S'adapte \u00e0 toutes les t\u00eates de chevaux et peut \u00eatre utilis\u00e9 comme licol rapide.<\/p><hr data-start=\"1710\" data-end=\"1713\" \/><h6 data-start=\"1715\" data-end=\"1734\"><strong data-start=\"1719\" data-end=\"1732\">NETTOYAGE<\/strong><\/h6><p>Lavable jusqu'\u00e0 30\u00b0C.<\/p><hr data-start=\"2044\" data-end=\"2047\" \/><h6 data-start=\"2049\" data-end=\"2066\"><strong data-start=\"2053\" data-end=\"2064\">DISTRIBUTEURS<\/strong><\/h6><p data-start=\"2067\" data-end=\"2159\">Vous trouverez les distributeurs sur notre <strong><a href=\"https:\/\/seilerei-brockamp.de\/fr\/\" target=\"_new\" rel=\"noopener\" data-start=\"2111\" data-end=\"2156\">Site des revendeurs<\/a><\/strong>.<\/p>\t\t\t\t\t\t\t\t<\/div>\n\t\t\t\t<\/div>\n\t\t\t\t\t<\/div>\n\t\t\t\t<\/div>\n\t\t\t\t<\/div>","protected":false},"excerpt":{"rendered":"<p>Le One Size est un licol \u00e0 corde individuel, r\u00e9glable en continu, y compris la longe, qui peut \u00eatre adapt\u00e9 \u00e0 chaque t\u00eate de cheval. Une fois ajust\u00e9 \u00e0 la t\u00eate du cheval, le licol est fix\u00e9 par un n\u0153ud afin d'\u00e9viter que la muserolle ne se resserre.<\/p>\n<p>Id\u00e9al \u00e9galement comme licol rapide de secours.<\/p>\n<p>Vous trouverez les instructions pour le syst\u00e8me de r\u00e9glage brevet\u00e9 dans la cat\u00e9gorie \"Service\".<\/p>\n<p>&nbsp;<\/p>","protected":false},"featured_media":62641,"template":"","meta":[],"product_brand":[],"product_cat":[118],"product_tag":[],"class_list":{"0":"post-64005","1":"product","2":"type-product","3":"status-publish","4":"has-post-thumbnail","6":"product_cat-one-size","8":"wcpa_has_options","10":"first","11":"instock","12":"sale","13":"shipping-taxable","14":"purchasable","15":"product-type-variable"},"_links":{"self":[{"href":"https:\/\/seilerei-brockamp.de\/fr\/wp-json\/wp\/v2\/product\/64005","targetHints":{"allow":["GET"]}}],"collection":[{"href":"https:\/\/seilerei-brockamp.de\/fr\/wp-json\/wp\/v2\/product"}],"about":[{"href":"https:\/\/seilerei-brockamp.de\/fr\/wp-json\/wp\/v2\/types\/product"}],"version-history":[{"count":9,"href":"https:\/\/seilerei-brockamp.de\/fr\/wp-json\/wp\/v2\/product\/64005\/revisions"}],"predecessor-version":[{"id":64800,"href":"https:\/\/seilerei-brockamp.de\/fr\/wp-json\/wp\/v2\/product\/64005\/revisions\/64800"}],"wp:featuredmedia":[{"embeddable":true,"href":"https:\/\/seilerei-brockamp.de\/fr\/wp-json\/wp\/v2\/media\/62641"}],"wp:attachment":[{"href":"https:\/\/seilerei-brockamp.de\/fr\/wp-json\/wp\/v2\/media?parent=64005"}],"wp:term":[{"taxonomy":"product_brand","embeddable":true,"href":"https:\/\/seilerei-brockamp.de\/fr\/wp-json\/wp\/v2\/product_brand?post=64005"},{"taxonomy":"product_cat","embeddable":true,"href":"https:\/\/seilerei-brockamp.de\/fr\/wp-json\/wp\/v2\/product_cat?post=64005"},{"taxonomy":"product_tag","embeddable":true,"href":"https:\/\/seilerei-brockamp.de\/fr\/wp-json\/wp\/v2\/product_tag?post=64005"}],"curies":[{"name":"wp","href":"https:\/\/api.w.org\/{rel}","templated":true}]}}