{"id":63959,"date":"2025-03-16T08:33:45","date_gmt":"2025-03-16T08:33:45","guid":{"rendered":"https:\/\/seilerei-brockamp.de\/?post_type=product&#038;p=63959"},"modified":"2026-03-03T12:06:12","modified_gmt":"2026-03-03T10:06:12","slug":"horse-man-halfter-mit-seitlichen-ringen","status":"publish","type":"product","link":"https:\/\/seilerei-brockamp.de\/fr\/produkte\/horse-man-halfter-mit-seitlichen-ringen\/","title":{"rendered":"Licol Horse-Man avec anneaux lat\u00e9raux"},"content":{"rendered":"<div data-elementor-type=\"wp-post\" data-elementor-id=\"63959\" class=\"elementor elementor-63959\" data-elementor-post-type=\"product\">\n\t\t\t\t<div class=\"elementor-element elementor-element-75bf80bc e-flex e-con-boxed e-con e-parent\" data-id=\"75bf80bc\" data-element_type=\"container\">\n\t\t\t\t\t<div class=\"e-con-inner\">\n\t\t\t\t<div class=\"elementor-element elementor-element-6c4f72dc elementor-widget elementor-widget-text-editor\" data-id=\"6c4f72dc\" data-element_type=\"widget\" data-widget_type=\"text-editor.default\">\n\t\t\t\t<div class=\"elementor-widget-container\">\n\t\t\t\t\t\t\t\t\t<h6><strong data-start=\"120\" data-end=\"139\">AVANTAGES<\/strong><\/h6><p>Gr\u00e2ce aux anneaux lat\u00e9raux en laiton (pour accrocher les r\u00eanes), le licol peut \u00eatre utilis\u00e9 comme licol d'\u00e9quitation ou avec une corde de travail au sol (fixation de l'\u0153illet inf\u00e9rieur au n\u0153ud de diamant) pour le travail au sol.<\/p><hr data-start=\"508\" data-end=\"511\" \/><h6>TAILLES (Pour un tour de nez de)<\/h6><p data-pm-slice=\"1 1 []\">Mini XS env. 41 cm<br \/>Mini env. 44 cm<br \/>poney env. 47 cm<br \/>Arabe env. 54 cm<br \/>pur-sang env. 63 cm<br \/>sang chaud env. 66 cm<br \/>Sang froid env. 76 cm<\/p><hr data-start=\"508\" data-end=\"511\" \/><h6 data-start=\"513\" data-end=\"552\"><strong style=\"font-size: 16px;\" data-start=\"517\" data-end=\"550\">QUALIT\u00c9<\/strong><\/h6><p>Qualit\u00e9 d'entra\u00eeneur professionnel<br \/>MADE IN GERMANY<\/p><hr data-start=\"1428\" data-end=\"1431\" \/><h6 data-start=\"1433\" data-end=\"1457\"><strong data-start=\"1437\" data-end=\"1455\">DOMAINES D'INTERVENTION<\/strong><\/h6><p>Utilisable comme muserolle ou pour le travail au sol.<\/p><hr data-start=\"1710\" data-end=\"1713\" \/><h6 data-start=\"1715\" data-end=\"1734\"><strong data-start=\"1719\" data-end=\"1732\">NETTOYAGE<\/strong><\/h6><p>Lavable jusqu'\u00e0 30\u00b0C, fixer le n\u0153ud de diamant \u00e0 l'\u0153illet au pr\u00e9alable.<\/p><hr data-start=\"2044\" data-end=\"2047\" \/><h6 data-start=\"2049\" data-end=\"2066\"><strong data-start=\"2053\" data-end=\"2064\">DISTRIBUTEURS<\/strong><\/h6><p data-start=\"2067\" data-end=\"2159\">Vous trouverez les distributeurs sur notre <strong><a href=\"https:\/\/seilerei-brockamp.de\/fr\/\" target=\"_new\" rel=\"noopener\" data-start=\"2111\" data-end=\"2156\">Site des revendeurs<\/a><\/strong>.<\/p>\t\t\t\t\t\t\t\t<\/div>\n\t\t\t\t<\/div>\n\t\t\t\t\t<\/div>\n\t\t\t\t<\/div>\n\t\t\t\t<\/div>","protected":false},"excerpt":{"rendered":"<p>Licol \u00e0 n\u0153uds de la plus haute qualit\u00e9 pour dresseurs, fabriqu\u00e9 dans un mat\u00e9riau polyester lourd de haute qualit\u00e9 d'une \u00e9paisseur de 6 mm avec anneaux lat\u00e9raux en laiton incorpor\u00e9s. Le licol \u00e0 n\u0153uds est disponible dans les tailles Mini XS, Mini, Poney, Arabe, Pur-sang, Sang chaud et Sang froid. (sans r\u00eanes)<\/p>\n<p>&nbsp;<\/p>","protected":false},"featured_media":62701,"template":"","meta":[],"product_brand":[],"product_cat":[116,140],"product_tag":[],"class_list":{"0":"post-63959","1":"product","2":"type-product","3":"status-publish","4":"has-post-thumbnail","6":"product_cat-gebisslose-zaumungen","7":"product_cat-reithalfter-in-polyester","9":"wcpa_has_options","11":"first","12":"instock","13":"sale","14":"shipping-taxable","15":"purchasable","16":"product-type-variable"},"_links":{"self":[{"href":"https:\/\/seilerei-brockamp.de\/fr\/wp-json\/wp\/v2\/product\/63959","targetHints":{"allow":["GET"]}}],"collection":[{"href":"https:\/\/seilerei-brockamp.de\/fr\/wp-json\/wp\/v2\/product"}],"about":[{"href":"https:\/\/seilerei-brockamp.de\/fr\/wp-json\/wp\/v2\/types\/product"}],"version-history":[{"count":13,"href":"https:\/\/seilerei-brockamp.de\/fr\/wp-json\/wp\/v2\/product\/63959\/revisions"}],"predecessor-version":[{"id":65359,"href":"https:\/\/seilerei-brockamp.de\/fr\/wp-json\/wp\/v2\/product\/63959\/revisions\/65359"}],"wp:featuredmedia":[{"embeddable":true,"href":"https:\/\/seilerei-brockamp.de\/fr\/wp-json\/wp\/v2\/media\/62701"}],"wp:attachment":[{"href":"https:\/\/seilerei-brockamp.de\/fr\/wp-json\/wp\/v2\/media?parent=63959"}],"wp:term":[{"taxonomy":"product_brand","embeddable":true,"href":"https:\/\/seilerei-brockamp.de\/fr\/wp-json\/wp\/v2\/product_brand?post=63959"},{"taxonomy":"product_cat","embeddable":true,"href":"https:\/\/seilerei-brockamp.de\/fr\/wp-json\/wp\/v2\/product_cat?post=63959"},{"taxonomy":"product_tag","embeddable":true,"href":"https:\/\/seilerei-brockamp.de\/fr\/wp-json\/wp\/v2\/product_tag?post=63959"}],"curies":[{"name":"wp","href":"https:\/\/api.w.org\/{rel}","templated":true}]}}