{"id":63940,"date":"2025-03-16T08:17:55","date_gmt":"2025-03-16T08:17:55","guid":{"rendered":"https:\/\/seilerei-brockamp.de\/?post_type=product&#038;p=63940"},"modified":"2025-05-08T09:33:51","modified_gmt":"2025-05-08T09:33:51","slug":"reithalfter-kopie","status":"publish","type":"product","link":"https:\/\/seilerei-brockamp.de\/fr\/produkte\/reithalfter-kopie\/","title":{"rendered":"Muserolle (sans r\u00eanes)"},"content":{"rendered":"<div data-elementor-type=\"wp-post\" data-elementor-id=\"63940\" class=\"elementor elementor-63940\" data-elementor-post-type=\"product\">\n\t\t\t\t<div class=\"elementor-element elementor-element-75bf80bc e-flex e-con-boxed e-con e-parent\" data-id=\"75bf80bc\" data-element_type=\"container\">\n\t\t\t\t\t<div class=\"e-con-inner\">\n\t\t\t\t<div class=\"elementor-element elementor-element-6c4f72dc elementor-widget elementor-widget-text-editor\" data-id=\"6c4f72dc\" data-element_type=\"widget\" data-widget_type=\"text-editor.default\">\n\t\t\t\t<div class=\"elementor-widget-container\">\n\t\t\t\t\t\t\t\t\t<h6><strong data-start=\"120\" data-end=\"139\">AVANTAGES<\/strong><\/h6><p>Le mat\u00e9riau en coton doux est confortable et agr\u00e9able sur la t\u00eate du cheval et ne laisse pas de points de pression ou de frottement. Gr\u00e2ce \u00e0 la corde en polyester de 6 mm, la muserolle agit sur le chanfrein et permet d'exercer autant de pression que n\u00e9cessaire. Gr\u00e2ce au syst\u00e8me brevet\u00e9 Easy-Locking, la muserolle s'adapte parfaitement.<\/p><hr data-start=\"508\" data-end=\"511\" \/><h6 data-start=\"513\" data-end=\"552\"><strong data-start=\"517\" data-end=\"550\">QUALIT\u00c9<\/strong><\/h6><p>MADE IN GERMANY<\/p><hr data-start=\"1428\" data-end=\"1431\" \/><h6 data-start=\"1433\" data-end=\"1457\"><strong data-start=\"1437\" data-end=\"1455\">DOMAINES D'INTERVENTION<\/strong><\/h6><p>- Pour l'\u00e9quitation sans mors<br \/>- Pour le d\u00e9bourrage en douceur des jeunes chevaux <br \/>- En cas de changement de dents et de probl\u00e8mes dentaires<br \/>- Pour changer de l'\u00e9quitation avec pi\u00e8ce de mors<\/p><hr data-start=\"1710\" data-end=\"1713\" \/><h6 data-start=\"1715\" data-end=\"1734\"><strong data-start=\"1719\" data-end=\"1732\">NETTOYAGE<\/strong><\/h6><p>Lavable jusqu'\u00e0 30\u00b0 C.<\/p><hr data-start=\"2044\" data-end=\"2047\" \/><h6 data-start=\"2049\" data-end=\"2066\"><strong data-start=\"2053\" data-end=\"2064\">DISTRIBUTEURS<\/strong><\/h6><p data-start=\"2067\" data-end=\"2159\">Vous trouverez les distributeurs sur notre <strong><a href=\"https:\/\/seilerei-brockamp.de\/fr\/\" target=\"_new\" rel=\"noopener\" data-start=\"2111\" data-end=\"2156\">Site des revendeurs<\/a><\/strong>.<\/p>\t\t\t\t\t\t\t\t<\/div>\n\t\t\t\t<\/div>\n\t\t\t\t\t<\/div>\n\t\t\t\t<\/div>\n\t\t\t\t<\/div>","protected":false},"excerpt":{"rendered":"<p>Muserolle agr\u00e9able et souple (sans r\u00eanes) avec corde en polyester de 6 mm incorpor\u00e9e \u00e0 la muserolle, en coton avec un diam\u00e8tre de corde de 14 mm.  Disponible dans les tailles poney\/brebis, pur-sang et demi-sang. Vous trouverez les instructions pour le syst\u00e8me de r\u00e9glage brevet\u00e9 dans la cat\u00e9gorie \"Service\".<\/p>","protected":false},"featured_media":62632,"template":"","meta":[],"product_brand":[],"product_cat":[116,139],"product_tag":[],"class_list":{"0":"post-63940","1":"product","2":"type-product","3":"status-publish","4":"has-post-thumbnail","6":"product_cat-gebisslose-zaumungen","7":"product_cat-reithalfter-in-baumwolle","9":"wcpa_has_options","11":"first","12":"instock","13":"sale","14":"shipping-taxable","15":"purchasable","16":"product-type-variable"},"_links":{"self":[{"href":"https:\/\/seilerei-brockamp.de\/fr\/wp-json\/wp\/v2\/product\/63940","targetHints":{"allow":["GET"]}}],"collection":[{"href":"https:\/\/seilerei-brockamp.de\/fr\/wp-json\/wp\/v2\/product"}],"about":[{"href":"https:\/\/seilerei-brockamp.de\/fr\/wp-json\/wp\/v2\/types\/product"}],"version-history":[{"count":8,"href":"https:\/\/seilerei-brockamp.de\/fr\/wp-json\/wp\/v2\/product\/63940\/revisions"}],"predecessor-version":[{"id":64786,"href":"https:\/\/seilerei-brockamp.de\/fr\/wp-json\/wp\/v2\/product\/63940\/revisions\/64786"}],"wp:featuredmedia":[{"embeddable":true,"href":"https:\/\/seilerei-brockamp.de\/fr\/wp-json\/wp\/v2\/media\/62632"}],"wp:attachment":[{"href":"https:\/\/seilerei-brockamp.de\/fr\/wp-json\/wp\/v2\/media?parent=63940"}],"wp:term":[{"taxonomy":"product_brand","embeddable":true,"href":"https:\/\/seilerei-brockamp.de\/fr\/wp-json\/wp\/v2\/product_brand?post=63940"},{"taxonomy":"product_cat","embeddable":true,"href":"https:\/\/seilerei-brockamp.de\/fr\/wp-json\/wp\/v2\/product_cat?post=63940"},{"taxonomy":"product_tag","embeddable":true,"href":"https:\/\/seilerei-brockamp.de\/fr\/wp-json\/wp\/v2\/product_tag?post=63940"}],"curies":[{"name":"wp","href":"https:\/\/api.w.org\/{rel}","templated":true}]}}