{"id":63927,"date":"2025-03-16T08:12:13","date_gmt":"2025-03-16T08:12:13","guid":{"rendered":"https:\/\/seilerei-brockamp.de\/?post_type=product&#038;p=63927"},"modified":"2025-06-10T14:12:48","modified_gmt":"2025-06-10T12:12:48","slug":"reithalfter","status":"publish","type":"product","link":"https:\/\/seilerei-brockamp.de\/fr\/produkte\/reithalfter\/","title":{"rendered":"Muserolle"},"content":{"rendered":"<div data-elementor-type=\"wp-post\" data-elementor-id=\"63927\" class=\"elementor elementor-63927\" data-elementor-post-type=\"product\">\n\t\t\t\t<div class=\"elementor-element elementor-element-75bf80bc e-flex e-con-boxed e-con e-parent\" data-id=\"75bf80bc\" data-element_type=\"container\">\n\t\t\t\t\t<div class=\"e-con-inner\">\n\t\t\t\t<div class=\"elementor-element elementor-element-6c4f72dc elementor-widget elementor-widget-text-editor\" data-id=\"6c4f72dc\" data-element_type=\"widget\" data-widget_type=\"text-editor.default\">\n\t\t\t\t<div class=\"elementor-widget-container\">\n\t\t\t\t\t\t\t\t\t<h6><strong data-start=\"120\" data-end=\"139\">AVANTAGES<\/strong><\/h6><p>Le mat\u00e9riau en coton doux est confortable et agr\u00e9able sur la t\u00eate du cheval et ne laisse donc pas de points de pression ou de frottement.<\/p><hr data-start=\"508\" data-end=\"511\" \/><h6 data-start=\"513\" data-end=\"552\"><strong data-start=\"517\" data-end=\"550\">QUALIT\u00c9<\/strong><\/h6><p>MADE IN GERMANY<\/p><hr data-start=\"1428\" data-end=\"1431\" \/><h6 data-start=\"1433\" data-end=\"1457\"><strong data-start=\"1437\" data-end=\"1455\">DOMAINES D'INTERVENTION<\/strong><\/h6><p>La muserolle est utilis\u00e9e pour l'\u00e9quitation sans mors, ainsi que comme licol d'\u00e9curie et de pr\u00e9.<\/p><hr data-start=\"1710\" data-end=\"1713\" \/><h6 data-start=\"1715\" data-end=\"1734\"><strong data-start=\"1719\" data-end=\"1732\">NETTOYAGE<\/strong><\/h6><p>Lavable jusqu'\u00e0 30\u00b0 C.<\/p><hr data-start=\"2044\" data-end=\"2047\" \/><h6 data-start=\"2049\" data-end=\"2066\"><strong data-start=\"2053\" data-end=\"2064\">DISTRIBUTEURS<\/strong><\/h6><p data-start=\"2067\" data-end=\"2159\">Vous trouverez les distributeurs sur notre <strong><a href=\"https:\/\/seilerei-brockamp.de\/fr\/\" target=\"_new\" rel=\"noopener\" data-start=\"2111\" data-end=\"2156\">Site des revendeurs<\/a><\/strong>.<\/p>\t\t\t\t\t\t\t\t<\/div>\n\t\t\t\t<\/div>\n\t\t\t\t\t<\/div>\n\t\t\t\t<\/div>\n\t\t\t\t<\/div>","protected":false},"excerpt":{"rendered":"<p>Muserolle agr\u00e9able et douce en coton avec anneaux incorpor\u00e9s \u00e0 la muserolle. La muserolle a un diam\u00e8tre de corde de 14 mm. (sans les r\u00eanes). La muserolle est disponible dans les tailles poney\/brebis, pur-sang et demi-sang.<\/p>","protected":false},"featured_media":62626,"template":"","meta":[],"product_brand":[],"product_cat":[116,139],"product_tag":[],"class_list":{"0":"post-63927","1":"product","2":"type-product","3":"status-publish","4":"has-post-thumbnail","6":"product_cat-gebisslose-zaumungen","7":"product_cat-reithalfter-in-baumwolle","9":"wcpa_has_options","11":"first","12":"instock","13":"sale","14":"shipping-taxable","15":"purchasable","16":"product-type-variable"},"_links":{"self":[{"href":"https:\/\/seilerei-brockamp.de\/fr\/wp-json\/wp\/v2\/product\/63927","targetHints":{"allow":["GET"]}}],"collection":[{"href":"https:\/\/seilerei-brockamp.de\/fr\/wp-json\/wp\/v2\/product"}],"about":[{"href":"https:\/\/seilerei-brockamp.de\/fr\/wp-json\/wp\/v2\/types\/product"}],"version-history":[{"count":7,"href":"https:\/\/seilerei-brockamp.de\/fr\/wp-json\/wp\/v2\/product\/63927\/revisions"}],"predecessor-version":[{"id":63939,"href":"https:\/\/seilerei-brockamp.de\/fr\/wp-json\/wp\/v2\/product\/63927\/revisions\/63939"}],"wp:featuredmedia":[{"embeddable":true,"href":"https:\/\/seilerei-brockamp.de\/fr\/wp-json\/wp\/v2\/media\/62626"}],"wp:attachment":[{"href":"https:\/\/seilerei-brockamp.de\/fr\/wp-json\/wp\/v2\/media?parent=63927"}],"wp:term":[{"taxonomy":"product_brand","embeddable":true,"href":"https:\/\/seilerei-brockamp.de\/fr\/wp-json\/wp\/v2\/product_brand?post=63927"},{"taxonomy":"product_cat","embeddable":true,"href":"https:\/\/seilerei-brockamp.de\/fr\/wp-json\/wp\/v2\/product_cat?post=63927"},{"taxonomy":"product_tag","embeddable":true,"href":"https:\/\/seilerei-brockamp.de\/fr\/wp-json\/wp\/v2\/product_tag?post=63927"}],"curies":[{"name":"wp","href":"https:\/\/api.w.org\/{rel}","templated":true}]}}