{"id":63864,"date":"2025-03-15T20:23:26","date_gmt":"2025-03-15T20:23:26","guid":{"rendered":"https:\/\/seilerei-brockamp.de\/?post_type=product&#038;p=63864"},"modified":"2025-05-06T12:41:48","modified_gmt":"2025-05-06T12:41:48","slug":"zuegel-geschlossen-kopie-2","status":"publish","type":"product","link":"https:\/\/seilerei-brockamp.de\/fr\/produkte\/zuegel-geschlossen-kopie-2\/","title":{"rendered":"R\u00eanes ferm\u00e9es"},"content":{"rendered":"<div data-elementor-type=\"wp-post\" data-elementor-id=\"63864\" class=\"elementor elementor-63864\" data-elementor-post-type=\"product\">\n\t\t\t\t<div class=\"elementor-element elementor-element-75bf80bc e-flex e-con-boxed e-con e-parent\" data-id=\"75bf80bc\" data-element_type=\"container\">\n\t\t\t\t\t<div class=\"e-con-inner\">\n\t\t\t\t<div class=\"elementor-element elementor-element-6c4f72dc elementor-widget elementor-widget-text-editor\" data-id=\"6c4f72dc\" data-element_type=\"widget\" data-widget_type=\"text-editor.default\">\n\t\t\t\t<div class=\"elementor-widget-container\">\n\t\t\t\t\t\t\t\t\t<h6><strong data-start=\"120\" data-end=\"139\">AVANTAGES<\/strong><\/h6><p>La corde lourde et de qualit\u00e9 sup\u00e9rieure permet une meilleure communication avec le cheval. Le cheval obtient une r\u00e9compense imm\u00e9diate lorsqu'il c\u00e8de \u00e0 la pression. Cela est tr\u00e8s important pour le travail et la manipulation du cheval. Il devient plus sensible et apprend ainsi \u00e0 c\u00e9der aux moindres mouvements.<\/p><hr data-start=\"508\" data-end=\"511\" \/><h6 data-start=\"513\" data-end=\"552\"><strong data-start=\"517\" data-end=\"550\">QUALIT\u00c9<\/strong><\/h6><p>Qualit\u00e9 d'entra\u00eeneur professionnel<br \/>MADE IN GERMANY<\/p><hr data-start=\"1428\" data-end=\"1431\" \/><h6 data-start=\"1433\" data-end=\"1457\"><strong data-start=\"1437\" data-end=\"1455\">DOMAINES D'INTERVENTION<\/strong><\/h6><p>Les r\u00eanes relient le mors ou la bride sans mors \u00e0 la main du cavalier et favorisent l'aide \u00e0 l'\u00e9quitation. <\/p><hr data-start=\"1710\" data-end=\"1713\" \/><h6 data-start=\"1715\" data-end=\"1734\"><strong data-start=\"1719\" data-end=\"1732\">NETTOYAGE<\/strong><\/h6><p>Lavable jusqu'\u00e0 30\u00b0 C, veuillez envelopper le crochet d'un chiffon pour prot\u00e9ger le tambour de lavage.<\/p><hr data-start=\"2044\" data-end=\"2047\" \/><h6 data-start=\"2049\" data-end=\"2066\"><strong data-start=\"2053\" data-end=\"2064\">DISTRIBUTEURS<\/strong><\/h6><p data-start=\"2067\" data-end=\"2159\">Vous trouverez les distributeurs sur notre <strong><a href=\"https:\/\/seilerei-brockamp.de\/fr\/\" target=\"_new\" rel=\"noopener\" data-start=\"2111\" data-end=\"2156\">Site des revendeurs<\/a><\/strong>.<\/p>\t\t\t\t\t\t\t\t<\/div>\n\t\t\t\t<\/div>\n\t\t\t\t\t<\/div>\n\t\t\t\t<\/div>\n\t\t\t\t<\/div>","protected":false},"excerpt":{"rendered":"<p>R\u00eanes ferm\u00e9es fabriqu\u00e9es \u00e0 partir d'une corde en polyester de 13 mm de diam\u00e8tre, sp\u00e9cialement con\u00e7ue pour l'entra\u00eenement Horse-Man-Ship, d'une longueur de 2,70m, 3m et 3,30m au choix, avec crochet de r\u00eane. Crochet disponible en or (laiton) ou en argent (nickel\u00e9). La r\u00eane en polyester peut \u00e9galement \u00eatre fabriqu\u00e9e \u00e0 la longueur souhait\u00e9e.<\/p>","protected":false},"featured_media":62611,"template":"","meta":[],"product_brand":[],"product_cat":[137,115],"product_tag":[],"class_list":{"0":"post-63864","1":"product","2":"type-product","3":"status-publish","4":"has-post-thumbnail","6":"product_cat-geschlossene-zuegel","7":"product_cat-zugel","9":"wcpa_has_options","11":"first","12":"instock","13":"sale","14":"shipping-taxable","15":"purchasable","16":"product-type-variable"},"_links":{"self":[{"href":"https:\/\/seilerei-brockamp.de\/fr\/wp-json\/wp\/v2\/product\/63864","targetHints":{"allow":["GET"]}}],"collection":[{"href":"https:\/\/seilerei-brockamp.de\/fr\/wp-json\/wp\/v2\/product"}],"about":[{"href":"https:\/\/seilerei-brockamp.de\/fr\/wp-json\/wp\/v2\/types\/product"}],"version-history":[{"count":6,"href":"https:\/\/seilerei-brockamp.de\/fr\/wp-json\/wp\/v2\/product\/63864\/revisions"}],"predecessor-version":[{"id":63880,"href":"https:\/\/seilerei-brockamp.de\/fr\/wp-json\/wp\/v2\/product\/63864\/revisions\/63880"}],"wp:featuredmedia":[{"embeddable":true,"href":"https:\/\/seilerei-brockamp.de\/fr\/wp-json\/wp\/v2\/media\/62611"}],"wp:attachment":[{"href":"https:\/\/seilerei-brockamp.de\/fr\/wp-json\/wp\/v2\/media?parent=63864"}],"wp:term":[{"taxonomy":"product_brand","embeddable":true,"href":"https:\/\/seilerei-brockamp.de\/fr\/wp-json\/wp\/v2\/product_brand?post=63864"},{"taxonomy":"product_cat","embeddable":true,"href":"https:\/\/seilerei-brockamp.de\/fr\/wp-json\/wp\/v2\/product_cat?post=63864"},{"taxonomy":"product_tag","embeddable":true,"href":"https:\/\/seilerei-brockamp.de\/fr\/wp-json\/wp\/v2\/product_tag?post=63864"}],"curies":[{"name":"wp","href":"https:\/\/api.w.org\/{rel}","templated":true}]}}