{"id":63797,"date":"2025-03-15T18:28:17","date_gmt":"2025-03-15T18:28:17","guid":{"rendered":"https:\/\/seilerei-brockamp.de\/?post_type=product&#038;p=63797"},"modified":"2025-05-14T07:43:46","modified_gmt":"2025-05-14T07:43:46","slug":"hackamore","status":"publish","type":"product","link":"https:\/\/seilerei-brockamp.de\/fr\/produkte\/hackamore\/","title":{"rendered":"Hackamore"},"content":{"rendered":"<div data-elementor-type=\"wp-post\" data-elementor-id=\"63797\" class=\"elementor elementor-63797\" data-elementor-post-type=\"product\">\n\t\t\t\t<div class=\"elementor-element elementor-element-75bf80bc e-flex e-con-boxed e-con e-parent\" data-id=\"75bf80bc\" data-element_type=\"container\">\n\t\t\t\t\t<div class=\"e-con-inner\">\n\t\t\t\t<div class=\"elementor-element elementor-element-6c4f72dc elementor-widget elementor-widget-text-editor\" data-id=\"6c4f72dc\" data-element_type=\"widget\" data-widget_type=\"text-editor.default\">\n\t\t\t\t<div class=\"elementor-widget-container\">\n\t\t\t\t\t\t\t\t\t<h6><strong data-start=\"120\" data-end=\"139\">AVANTAGES<\/strong><\/h6><p>Le hackamore n'entra\u00eene pas seulement le cheval \u00e0 passer des r\u00eanes l\u00e2ches aux r\u00eanes droites, mais aussi le cavalier \u00e0 transmettre ses aides au cheval en r\u00e9partissant son poids et la position de son corps.<\/p><hr data-start=\"508\" data-end=\"511\" \/><h6>TAILLES (Pour un tour de nez de)<\/h6><p data-pm-slice=\"1 1 []\">Mini XS env. 41 cm<br \/>Mini env. 44 cm<br \/>poney env. 47 cm<br \/>Arabe env. 54 cm<br \/>pur-sang env. 63 cm<br \/>sang chaud env. 66 cm<br \/>Sang froid env. 76 cm<\/p><hr data-start=\"508\" data-end=\"511\" \/><h6 data-start=\"513\" data-end=\"552\"><strong style=\"font-size: 16px;\" data-start=\"517\" data-end=\"550\">QUALIT\u00c9<\/strong><\/h6><p>MADE IN GERMANY<\/p><hr data-start=\"1428\" data-end=\"1431\" \/><h6 data-start=\"1433\" data-end=\"1457\"><strong data-start=\"1437\" data-end=\"1455\">DOMAINES D'INTERVENTION<\/strong><\/h6><p>-pour le d\u00e9bourrage en douceur des jeunes chevaux<br \/>-en cas de changement de dents ou de probl\u00e8mes dentaires<br \/>-ou simplement pour changer du mors<\/p><hr data-start=\"1710\" data-end=\"1713\" \/><h6 data-start=\"1715\" data-end=\"1734\"><strong data-start=\"1719\" data-end=\"1732\">NETTOYAGE<\/strong><\/h6><p>Lavage \u00e0 la main \u00e0 30\u00b0C, ne pas laver en machine.<\/p><hr data-start=\"2044\" data-end=\"2047\" \/><h6 data-start=\"2049\" data-end=\"2066\"><strong data-start=\"2053\" data-end=\"2064\">DISTRIBUTEURS<\/strong><\/h6><p data-start=\"2067\" data-end=\"2159\">Vous trouverez les distributeurs sur notre <strong><a href=\"https:\/\/seilerei-brockamp.de\/fr\/\" target=\"_new\" rel=\"noopener\" data-start=\"2111\" data-end=\"2156\">Site des revendeurs<\/a><\/strong>.<\/p>\t\t\t\t\t\t\t\t<\/div>\n\t\t\t\t<\/div>\n\t\t\t\t\t<\/div>\n\t\t\t\t<\/div>\n\t\t\t\t<\/div>","protected":false},"excerpt":{"rendered":"<p>Licol \u00e0 n\u0153uds sp\u00e9cial (licol Mecate), reli\u00e9 \u00e0 la bride Horse-Man de 7 m pour l'\u00e9quitation.<\/p>\n<p>Lors de la commande, veuillez indiquer qu'il s'agit d'un licol Mecate, car le licol doit \u00eatre plus grand au niveau du nez pour pouvoir y int\u00e9grer la bride Horse-Man.<\/p>\n<p>&nbsp;<\/p>","protected":false},"featured_media":62579,"template":"","meta":[],"product_brand":[],"product_cat":[136,114],"product_tag":[],"class_list":{"0":"post-63797","1":"product","2":"type-product","3":"status-publish","4":"has-post-thumbnail","6":"product_cat-hackamore","7":"product_cat-horse-man-ship-reiten","9":"wcpa_has_options","11":"first","12":"instock","13":"sale","14":"shipping-taxable","15":"purchasable","16":"product-type-variable"},"_links":{"self":[{"href":"https:\/\/seilerei-brockamp.de\/fr\/wp-json\/wp\/v2\/product\/63797","targetHints":{"allow":["GET"]}}],"collection":[{"href":"https:\/\/seilerei-brockamp.de\/fr\/wp-json\/wp\/v2\/product"}],"about":[{"href":"https:\/\/seilerei-brockamp.de\/fr\/wp-json\/wp\/v2\/types\/product"}],"version-history":[{"count":21,"href":"https:\/\/seilerei-brockamp.de\/fr\/wp-json\/wp\/v2\/product\/63797\/revisions"}],"predecessor-version":[{"id":64869,"href":"https:\/\/seilerei-brockamp.de\/fr\/wp-json\/wp\/v2\/product\/63797\/revisions\/64869"}],"wp:featuredmedia":[{"embeddable":true,"href":"https:\/\/seilerei-brockamp.de\/fr\/wp-json\/wp\/v2\/media\/62579"}],"wp:attachment":[{"href":"https:\/\/seilerei-brockamp.de\/fr\/wp-json\/wp\/v2\/media?parent=63797"}],"wp:term":[{"taxonomy":"product_brand","embeddable":true,"href":"https:\/\/seilerei-brockamp.de\/fr\/wp-json\/wp\/v2\/product_brand?post=63797"},{"taxonomy":"product_cat","embeddable":true,"href":"https:\/\/seilerei-brockamp.de\/fr\/wp-json\/wp\/v2\/product_cat?post=63797"},{"taxonomy":"product_tag","embeddable":true,"href":"https:\/\/seilerei-brockamp.de\/fr\/wp-json\/wp\/v2\/product_tag?post=63797"}],"curies":[{"name":"wp","href":"https:\/\/api.w.org\/{rel}","templated":true}]}}