{"id":63743,"date":"2025-03-15T17:17:32","date_gmt":"2025-03-15T17:17:32","guid":{"rendered":"https:\/\/seilerei-brockamp.de\/?post_type=product&#038;p=63743"},"modified":"2025-05-09T10:13:53","modified_gmt":"2025-05-09T10:13:53","slug":"unterlage-fuer-reitpad-spezial","status":"publish","type":"product","link":"https:\/\/seilerei-brockamp.de\/fr\/produkte\/unterlage-fuer-reitpad-spezial\/","title":{"rendered":"Sous-couche \/ pour pad d'\u00e9quitation sp\u00e9cial"},"content":{"rendered":"<div data-elementor-type=\"wp-post\" data-elementor-id=\"63743\" class=\"elementor elementor-63743\" data-elementor-post-type=\"product\">\n\t\t\t\t<div class=\"elementor-element elementor-element-75bf80bc e-flex e-con-boxed e-con e-parent\" data-id=\"75bf80bc\" data-element_type=\"container\">\n\t\t\t\t\t<div class=\"e-con-inner\">\n\t\t\t\t<div class=\"elementor-element elementor-element-6c4f72dc elementor-widget elementor-widget-text-editor\" data-id=\"6c4f72dc\" data-element_type=\"widget\" data-widget_type=\"text-editor.default\">\n\t\t\t\t<div class=\"elementor-widget-container\">\n\t\t\t\t\t\t\t\t\t<h6><strong data-start=\"120\" data-end=\"139\">AVANTAGES<br \/><\/strong><\/h6><p>En combinaison avec le Bareback Pad Spezial, ce support permet de mieux d\u00e9gager la colonne vert\u00e9brale.<\/p><hr data-start=\"508\" data-end=\"511\" \/><h6 data-start=\"513\" data-end=\"552\"><strong data-start=\"517\" data-end=\"550\">QUALIT\u00c9<\/strong><\/h6><p data-start=\"1345\" data-end=\"1426\">FABRIQU\u00c9 EN ITALIE<\/p><hr data-start=\"1428\" data-end=\"1431\" \/><h6 data-start=\"1433\" data-end=\"1457\"><strong data-start=\"1437\" data-end=\"1455\">DOMAINES D'INTERVENTION<\/strong><\/h6><p>Tapis de selle rembourr\u00e9<\/p><hr data-start=\"1710\" data-end=\"1713\" \/><h6 data-start=\"1715\" data-end=\"1734\"><strong data-start=\"1719\" data-end=\"1732\">NETTOYAGE<\/strong><\/h6><p>Nettoyer avec une brosse douce et un chiffon humide.<\/p><hr data-start=\"2044\" data-end=\"2047\" \/><h6 data-start=\"2049\" data-end=\"2066\"><strong data-start=\"2053\" data-end=\"2064\">DISTRIBUTEURS<\/strong><\/h6><p data-start=\"2067\" data-end=\"2159\">Vous trouverez les distributeurs sur notre <strong><a href=\"https:\/\/seilerei-brockamp.de\/fr\/\" target=\"_new\" rel=\"noopener\" data-start=\"2111\" data-end=\"2156\">Site des revendeurs<\/a><\/strong>.<\/p>\t\t\t\t\t\t\t\t<\/div>\n\t\t\t\t<\/div>\n\t\t\t\t\t<\/div>\n\t\t\t\t<\/div>\n\t\t\t\t<\/div>","protected":false},"excerpt":{"rendered":"<p>Support anatomique rembourr\u00e9 sp\u00e9cialement con\u00e7u pour une meilleure r\u00e9partition de la pression du poids du cavalier et une plus grande libert\u00e9 de la colonne vert\u00e9brale sur le dos du cheval.<\/p>\n<p>Des deux c\u00f4t\u00e9s, des inserts sont ins\u00e9r\u00e9s au-dessus de la ligne m\u00e9diane dans deux poches qui se ferment avec du velcro et qui assurent la libert\u00e9 de la colonne vert\u00e9brale. L'insert souple en direction du cheval produit un bon amortissement, tandis que l'insert plus ferme en direction du cavalier r\u00e9partit le poids du cavalier sur le dos du cheval.<\/p>\n<p>(les inserts sont inclus dans la livraison)<\/p>\n<p>Les bandes velcro suppl\u00e9mentaires fix\u00e9es sur le c\u00f4t\u00e9 du tapis assurent un maintien s\u00fbr entre le pad d'\u00e9quitation et le tapis. Pour garantir le maintien du tapis, les sangles du pad d'\u00e9quitation sont pass\u00e9es \u00e0 travers les bandes velcro.<\/p>\n<p>La face sup\u00e9rieure du tapis est fabriqu\u00e9e dans un mat\u00e9riau Airnet l\u00e9ger qui poss\u00e8de des propri\u00e9t\u00e9s de rembourrage et de circulation de l'air (100 % polyester). La face inf\u00e9rieure est en coton, qui absorbe bien la transpiration du cheval tout en restant perm\u00e9able \u00e0 l'air. (100% coton)<\/p>\n<p>La sous-couche est disponible dans les variantes suivantes :<\/p>\n<p>Prix de vente :<br \/>\nStyle anglais : la longueur du support est de 62 cm, la longueur des c\u00f4t\u00e9s est de 50 cm.<\/p>\n<p>Prix = \u20ac99.00<\/p>\n<p>Style western (avec poches lat\u00e9rales) : La longueur de la sous-couche est de 62 cm, la longueur des c\u00f4t\u00e9s est de 50 cm.<br \/>\nPrix = \u20ac119.00<\/p>\n<p>Taille du poney : la longueur du support est de 46 cm, la longueur des c\u00f4t\u00e9s est de 40 cm.<br \/>\nPrix = \u20ac89.00<\/p>\n<p>&nbsp;<\/p>","protected":false},"featured_media":62572,"template":"","meta":[],"product_brand":[],"product_cat":[130,114],"product_tag":[],"class_list":{"0":"post-63743","1":"product","2":"type-product","3":"status-publish","4":"has-post-thumbnail","6":"product_cat-bareback-pad-unterlage","7":"product_cat-horse-man-ship-reiten","9":"wcpa_has_options","11":"first","12":"instock","13":"sale","14":"shipping-taxable","15":"purchasable","16":"product-type-variable"},"_links":{"self":[{"href":"https:\/\/seilerei-brockamp.de\/fr\/wp-json\/wp\/v2\/product\/63743","targetHints":{"allow":["GET"]}}],"collection":[{"href":"https:\/\/seilerei-brockamp.de\/fr\/wp-json\/wp\/v2\/product"}],"about":[{"href":"https:\/\/seilerei-brockamp.de\/fr\/wp-json\/wp\/v2\/types\/product"}],"version-history":[{"count":20,"href":"https:\/\/seilerei-brockamp.de\/fr\/wp-json\/wp\/v2\/product\/63743\/revisions"}],"predecessor-version":[{"id":64811,"href":"https:\/\/seilerei-brockamp.de\/fr\/wp-json\/wp\/v2\/product\/63743\/revisions\/64811"}],"wp:featuredmedia":[{"embeddable":true,"href":"https:\/\/seilerei-brockamp.de\/fr\/wp-json\/wp\/v2\/media\/62572"}],"wp:attachment":[{"href":"https:\/\/seilerei-brockamp.de\/fr\/wp-json\/wp\/v2\/media?parent=63743"}],"wp:term":[{"taxonomy":"product_brand","embeddable":true,"href":"https:\/\/seilerei-brockamp.de\/fr\/wp-json\/wp\/v2\/product_brand?post=63743"},{"taxonomy":"product_cat","embeddable":true,"href":"https:\/\/seilerei-brockamp.de\/fr\/wp-json\/wp\/v2\/product_cat?post=63743"},{"taxonomy":"product_tag","embeddable":true,"href":"https:\/\/seilerei-brockamp.de\/fr\/wp-json\/wp\/v2\/product_tag?post=63743"}],"curies":[{"name":"wp","href":"https:\/\/api.w.org\/{rel}","templated":true}]}}