{"id":63702,"date":"2025-03-15T16:59:20","date_gmt":"2025-03-15T16:59:20","guid":{"rendered":"https:\/\/seilerei-brockamp.de\/?post_type=product&#038;p=63702"},"modified":"2025-06-10T12:56:05","modified_gmt":"2025-06-10T10:56:05","slug":"bareback-pad-spezial-wildleder","status":"publish","type":"product","link":"https:\/\/seilerei-brockamp.de\/fr\/produkte\/bareback-pad-spezial-wildleder\/","title":{"rendered":"Tapis de monte \u00e0 cru \/ sp\u00e9cial \/ daim"},"content":{"rendered":"<div data-elementor-type=\"wp-post\" data-elementor-id=\"63702\" class=\"elementor elementor-63702\" data-elementor-post-type=\"product\">\n\t\t\t\t<div class=\"elementor-element elementor-element-75bf80bc e-flex e-con-boxed e-con e-parent\" data-id=\"75bf80bc\" data-element_type=\"container\">\n\t\t\t\t\t<div class=\"e-con-inner\">\n\t\t\t\t<div class=\"elementor-element elementor-element-6c4f72dc elementor-widget elementor-widget-text-editor\" data-id=\"6c4f72dc\" data-element_type=\"widget\" data-widget_type=\"text-editor.default\">\n\t\t\t\t<div class=\"elementor-widget-container\">\n\t\t\t\t\t\t\t\t\t<h6><strong data-start=\"120\" data-end=\"139\">AVANTAGES<\/strong><\/h6><p>- Forme ergonomique et mat\u00e9riaux \u00e9lastiques, s'adapte parfaitement au dos du cheval.<br \/>- Les sangles en V prot\u00e8gent le dos du cheval.<br \/>- Patchs en cuir pour prot\u00e9ger le cheval des frottements des sangles.<br \/>- La dragonne et les sangles sont fabriqu\u00e9es dans un mat\u00e9riau r\u00e9sistant \u00e0 la d\u00e9chirure, semblable au cuir.<br \/>- Le cavalier d\u00e9veloppe une assise s\u00fbre et stabilise son \u00e9quilibre.<\/p><hr data-start=\"508\" data-end=\"511\" \/><h6 data-start=\"513\" data-end=\"552\"><strong data-start=\"517\" data-end=\"550\">QUALIT\u00c9<\/strong><\/h6><p data-start=\"1345\" data-end=\"1426\">FABRIQU\u00c9 EN ITALIE<br \/>Cuir v\u00e9ritable, donc des variations de couleur et d'\u00e9ventuelles d\u00e9colorations sont possibles, car seuls des colorants respectueux de l'environnement sont utilis\u00e9s.<\/p><hr data-start=\"1428\" data-end=\"1431\" \/><h6 data-start=\"1433\" data-end=\"1457\"><strong data-start=\"1437\" data-end=\"1455\">DOMAINES D'INTERVENTION<\/strong><\/h6><p>Pad bareback pour monter \u00e0 cheval sans selle.<\/p><hr data-start=\"1710\" data-end=\"1713\" \/><h6 data-start=\"1715\" data-end=\"1734\"><strong data-start=\"1719\" data-end=\"1732\">NETTOYAGE<\/strong><\/h6><p>Toujours impr\u00e9gner suffisamment le pad, ensuite le pad peut \u00eatre nettoy\u00e9 avec une brosse douce et un chiffon l\u00e9g\u00e8rement humide.<\/p><hr data-start=\"2044\" data-end=\"2047\" \/><h6 data-start=\"2049\" data-end=\"2066\"><strong data-start=\"2053\" data-end=\"2064\">DISTRIBUTEURS<\/strong><\/h6><p data-start=\"2067\" data-end=\"2159\">Vous trouverez les distributeurs sur notre <strong><a href=\"https:\/\/seilerei-brockamp.de\/fr\/\" target=\"_new\" rel=\"noopener\" data-start=\"2111\" data-end=\"2156\">Site des revendeurs<\/a><\/strong>.<\/p>\t\t\t\t\t\t\t\t<\/div>\n\t\t\t\t<\/div>\n\t\t\t\t\t<\/div>\n\t\t\t\t<\/div>\n\t\t\t\t<\/div>","protected":false},"excerpt":{"rendered":"<p>Pad bareback ergonomique sp\u00e9cialement con\u00e7u pour l'\u00e9quitation sans selle. La partie sup\u00e9rieure de ce bareback pad est en daim et offre au cavalier une prise ferme et s\u00fbre. La face inf\u00e9rieure est en n\u00e9opr\u00e8ne. Le n\u00e9opr\u00e8ne r\u00e9siste \u00e0 la pression, repousse l'eau et absorbe les chocs, c'est pourquoi ce pad bareback offre un confort maximal au cheval et au cavalier. Le pad d'\u00e9quitation sp\u00e9cial est livr\u00e9 en standard avec une sangle courte.<\/p>\n<p>Prix de vente :<br \/>\ntaille standard \u20ac229.00<br \/>\nDisponible aussi en taille poney ! \u20ac209.00<\/p>\n<p>Le pad d'\u00e9quitation Spezial Pad a une longueur de dos d'environ 55 cm et une longueur de c\u00f4t\u00e9 d'environ 48 cm. La longueur de la sangle est d'environ 55 cm.<\/p>\n<p>Le poney pad a une longueur de dos d'environ 43 cm et une longueur de c\u00f4t\u00e9 d'environ 40 cm.<\/p>\n<p>La longueur de la ceinture est d'environ 38 cm.<\/p>\n<p>&nbsp;<\/p>","protected":false},"featured_media":62550,"template":"","meta":[],"product_brand":[],"product_cat":[130,114],"product_tag":[],"class_list":{"0":"post-63702","1":"product","2":"type-product","3":"status-publish","4":"has-post-thumbnail","6":"product_cat-bareback-pad-unterlage","7":"product_cat-horse-man-ship-reiten","9":"wcpa_has_options","11":"first","12":"instock","13":"sale","14":"shipping-taxable","15":"purchasable","16":"product-type-variable"},"_links":{"self":[{"href":"https:\/\/seilerei-brockamp.de\/fr\/wp-json\/wp\/v2\/product\/63702","targetHints":{"allow":["GET"]}}],"collection":[{"href":"https:\/\/seilerei-brockamp.de\/fr\/wp-json\/wp\/v2\/product"}],"about":[{"href":"https:\/\/seilerei-brockamp.de\/fr\/wp-json\/wp\/v2\/types\/product"}],"version-history":[{"count":12,"href":"https:\/\/seilerei-brockamp.de\/fr\/wp-json\/wp\/v2\/product\/63702\/revisions"}],"predecessor-version":[{"id":64807,"href":"https:\/\/seilerei-brockamp.de\/fr\/wp-json\/wp\/v2\/product\/63702\/revisions\/64807"}],"wp:featuredmedia":[{"embeddable":true,"href":"https:\/\/seilerei-brockamp.de\/fr\/wp-json\/wp\/v2\/media\/62550"}],"wp:attachment":[{"href":"https:\/\/seilerei-brockamp.de\/fr\/wp-json\/wp\/v2\/media?parent=63702"}],"wp:term":[{"taxonomy":"product_brand","embeddable":true,"href":"https:\/\/seilerei-brockamp.de\/fr\/wp-json\/wp\/v2\/product_brand?post=63702"},{"taxonomy":"product_cat","embeddable":true,"href":"https:\/\/seilerei-brockamp.de\/fr\/wp-json\/wp\/v2\/product_cat?post=63702"},{"taxonomy":"product_tag","embeddable":true,"href":"https:\/\/seilerei-brockamp.de\/fr\/wp-json\/wp\/v2\/product_tag?post=63702"}],"curies":[{"name":"wp","href":"https:\/\/api.w.org\/{rel}","templated":true}]}}