{"id":63634,"date":"2025-03-15T15:36:05","date_gmt":"2025-03-15T15:36:05","guid":{"rendered":"https:\/\/seilerei-brockamp.de\/?post_type=product&#038;p=63634"},"modified":"2025-05-06T12:45:47","modified_gmt":"2025-05-06T12:45:47","slug":"bareback-pad-leder","status":"publish","type":"product","link":"https:\/\/seilerei-brockamp.de\/fr\/produkte\/bareback-pad-leder\/","title":{"rendered":"Tapis de monte \u00e0 cru \"cuir"},"content":{"rendered":"<div data-elementor-type=\"wp-post\" data-elementor-id=\"63634\" class=\"elementor elementor-63634\" data-elementor-post-type=\"product\">\n\t\t\t\t<div class=\"elementor-element elementor-element-75bf80bc e-flex e-con-boxed e-con e-parent\" data-id=\"75bf80bc\" data-element_type=\"container\">\n\t\t\t\t\t<div class=\"e-con-inner\">\n\t\t\t\t<div class=\"elementor-element elementor-element-6c4f72dc elementor-widget elementor-widget-text-editor\" data-id=\"6c4f72dc\" data-element_type=\"widget\" data-widget_type=\"text-editor.default\">\n\t\t\t\t<div class=\"elementor-widget-container\">\n\t\t\t\t\t\t\t\t\t<h6><strong data-start=\"120\" data-end=\"139\">AVANTAGES<\/strong><\/h6><p>Le cavalier d\u00e9veloppe une assise s\u00fbre et stabilise son \u00e9quilibre.<\/p><hr data-start=\"508\" data-end=\"511\" \/><h6 data-start=\"513\" data-end=\"552\"><strong data-start=\"517\" data-end=\"550\">QUALIT\u00c9<\/strong><\/h6><p data-start=\"1345\" data-end=\"1426\">FABRIQU\u00c9 EN ITALIE<\/p><hr data-start=\"1428\" data-end=\"1431\" \/><h6 data-start=\"1433\" data-end=\"1457\"><strong data-start=\"1437\" data-end=\"1455\">DOMAINES D'INTERVENTION<\/strong><\/h6><p>Pad bareback pour monter \u00e0 cheval sans selle.<\/p><hr data-start=\"1710\" data-end=\"1713\" \/><h6 data-start=\"1715\" data-end=\"1734\"><strong data-start=\"1719\" data-end=\"1732\">NETTOYAGE<\/strong><\/h6><p>Nettoyer avec une brosse douce et un chiffon humide.<\/p><hr data-start=\"2044\" data-end=\"2047\" \/><h6 data-start=\"2049\" data-end=\"2066\"><strong data-start=\"2053\" data-end=\"2064\">DISTRIBUTEURS<\/strong><\/h6><p data-start=\"2067\" data-end=\"2159\">Vous trouverez les distributeurs sur notre <strong><a href=\"https:\/\/seilerei-brockamp.de\/fr\/\" target=\"_new\" rel=\"noopener\" data-start=\"2111\" data-end=\"2156\">Site des revendeurs<\/a><\/strong>.<\/p>\t\t\t\t\t\t\t\t<\/div>\n\t\t\t\t<\/div>\n\t\t\t\t\t<\/div>\n\t\t\t\t<\/div>\n\t\t\t\t<\/div>","protected":false},"excerpt":{"rendered":"<p>Tapis de monte \u00e0 cru est doubl\u00e9 de feutre et disponible dans les couleurs suivantes : noir, marron, bleu marine, bordeaux, vert sapin. (Livr\u00e9 sans sangle ventrale)<\/p>","protected":false},"featured_media":62520,"template":"","meta":[],"product_brand":[],"product_cat":[130,114],"product_tag":[],"class_list":{"0":"post-63634","1":"product","2":"type-product","3":"status-publish","4":"has-post-thumbnail","6":"product_cat-bareback-pad-unterlage","7":"product_cat-horse-man-ship-reiten","9":"wcpa_has_options","11":"first","12":"instock","13":"sale","14":"shipping-taxable","15":"purchasable","16":"product-type-variable"},"_links":{"self":[{"href":"https:\/\/seilerei-brockamp.de\/fr\/wp-json\/wp\/v2\/product\/63634","targetHints":{"allow":["GET"]}}],"collection":[{"href":"https:\/\/seilerei-brockamp.de\/fr\/wp-json\/wp\/v2\/product"}],"about":[{"href":"https:\/\/seilerei-brockamp.de\/fr\/wp-json\/wp\/v2\/types\/product"}],"version-history":[{"count":5,"href":"https:\/\/seilerei-brockamp.de\/fr\/wp-json\/wp\/v2\/product\/63634\/revisions"}],"predecessor-version":[{"id":63645,"href":"https:\/\/seilerei-brockamp.de\/fr\/wp-json\/wp\/v2\/product\/63634\/revisions\/63645"}],"wp:featuredmedia":[{"embeddable":true,"href":"https:\/\/seilerei-brockamp.de\/fr\/wp-json\/wp\/v2\/media\/62520"}],"wp:attachment":[{"href":"https:\/\/seilerei-brockamp.de\/fr\/wp-json\/wp\/v2\/media?parent=63634"}],"wp:term":[{"taxonomy":"product_brand","embeddable":true,"href":"https:\/\/seilerei-brockamp.de\/fr\/wp-json\/wp\/v2\/product_brand?post=63634"},{"taxonomy":"product_cat","embeddable":true,"href":"https:\/\/seilerei-brockamp.de\/fr\/wp-json\/wp\/v2\/product_cat?post=63634"},{"taxonomy":"product_tag","embeddable":true,"href":"https:\/\/seilerei-brockamp.de\/fr\/wp-json\/wp\/v2\/product_tag?post=63634"}],"curies":[{"name":"wp","href":"https:\/\/api.w.org\/{rel}","templated":true}]}}