{"id":63617,"date":"2025-03-15T15:08:52","date_gmt":"2025-03-15T15:08:52","guid":{"rendered":"https:\/\/seilerei-brockamp.de\/?post_type=product&#038;p=63617"},"modified":"2025-05-08T09:43:22","modified_gmt":"2025-05-08T09:43:22","slug":"reitring","status":"publish","type":"product","link":"https:\/\/seilerei-brockamp.de\/fr\/produkte\/reitring\/","title":{"rendered":"Anneau d'\u00e9quitation"},"content":{"rendered":"<div data-elementor-type=\"wp-post\" data-elementor-id=\"63617\" class=\"elementor elementor-63617\" data-elementor-post-type=\"product\">\n\t\t\t\t<div class=\"elementor-element elementor-element-75bf80bc e-flex e-con-boxed e-con e-parent\" data-id=\"75bf80bc\" data-element_type=\"container\">\n\t\t\t\t\t<div class=\"e-con-inner\">\n\t\t\t\t<div class=\"elementor-element elementor-element-6c4f72dc elementor-widget elementor-widget-text-editor\" data-id=\"6c4f72dc\" data-element_type=\"widget\" data-widget_type=\"text-editor.default\">\n\t\t\t\t<div class=\"elementor-widget-container\">\n\t\t\t\t\t\t\t\t\t<h6><strong data-start=\"120\" data-end=\"139\">AVANTAGES<\/strong><\/h6><p data-start=\"142\" data-end=\"281\">Renforce la confiance entre le cheval et le cavalier <br \/>Au d\u00e9but, il suffit de poser simplement les r\u00eanes sur l'encolure du cheval pendant qu'il est \u00e0 cheval et de faire tourner, ralentir et arr\u00eater le cheval avec le cercle d'\u00e9quitation.<br \/>Gr\u00e2ce au mat\u00e9riau agr\u00e9able en coton, la bague d'\u00e9quitation est plus facile et plus agr\u00e9able \u00e0 tenir en main que les bagues d'\u00e9quitation habituelles sur le march\u00e9.<\/p><hr data-start=\"508\" data-end=\"511\" \/><h6 data-start=\"513\" data-end=\"552\"><strong data-start=\"517\" data-end=\"550\">QUALIT\u00c9<\/strong><\/h6><p data-start=\"1345\" data-end=\"1426\">MADE IN GERMANY<\/p><hr data-start=\"1428\" data-end=\"1431\" \/><h6 data-start=\"1433\" data-end=\"1457\"><strong data-start=\"1437\" data-end=\"1455\">DOMAINES D'INTERVENTION<\/strong><\/h6><p>Monter sans bride<br \/>L'\u00e9quitation avec anneau d'\u00e9quitation doit \u00eatre pratiqu\u00e9e dans un environnement cl\u00f4tur\u00e9.<\/p><hr data-start=\"1710\" data-end=\"1713\" \/><h6 data-start=\"1715\" data-end=\"1734\"><strong data-start=\"1719\" data-end=\"1732\">NETTOYAGE<\/strong><\/h6><p>Nettoyer avec un chiffon humide et bien laisser s\u00e9cher ensuite.<\/p><hr data-start=\"2044\" data-end=\"2047\" \/><h6 data-start=\"2049\" data-end=\"2066\"><strong data-start=\"2053\" data-end=\"2064\">DISTRIBUTEURS<\/strong><\/h6><p data-start=\"2067\" data-end=\"2159\">Vous trouverez les distributeurs sur notre <strong><a href=\"https:\/\/seilerei-brockamp.de\/fr\/\" target=\"_new\" rel=\"noopener\" data-start=\"2111\" data-end=\"2156\">Site des revendeurs<\/a><\/strong>.<\/p>\t\t\t\t\t\t\t\t<\/div>\n\t\t\t\t<\/div>\n\t\t\t\t\t<\/div>\n\t\t\t\t<\/div>\n\t\t\t\t<\/div>","protected":false},"excerpt":{"rendered":"<p>Anneau d'\u00e9quitation (diam\u00e8tre 10 mm) avec couche int\u00e9rieure solide et recouvert de coton. Taille de l'anneau r\u00e9glable en continu de 1,15 m \u00e0 2,10 m. Disponible dans les couleurs arc-en-ciel, blanc, rouge, marron-vert sapin, bleu, noir-bleu-blanc, indien, marron-beige-blanc, marron, noir et noir-blanc.<\/p>","protected":false},"featured_media":62515,"template":"","meta":[],"product_brand":[],"product_cat":[117,114,142,129],"product_tag":[],"class_list":{"0":"post-63617","1":"product","2":"type-product","3":"status-publish","4":"has-post-thumbnail","6":"product_cat-halsrige","7":"product_cat-horse-man-ship-reiten","8":"product_cat-reitring-halsrige","9":"product_cat-reitring","11":"wcpa_has_options","13":"first","14":"instock","15":"sale","16":"shipping-taxable","17":"purchasable","18":"product-type-variable"},"_links":{"self":[{"href":"https:\/\/seilerei-brockamp.de\/fr\/wp-json\/wp\/v2\/product\/63617","targetHints":{"allow":["GET"]}}],"collection":[{"href":"https:\/\/seilerei-brockamp.de\/fr\/wp-json\/wp\/v2\/product"}],"about":[{"href":"https:\/\/seilerei-brockamp.de\/fr\/wp-json\/wp\/v2\/types\/product"}],"version-history":[{"count":7,"href":"https:\/\/seilerei-brockamp.de\/fr\/wp-json\/wp\/v2\/product\/63617\/revisions"}],"predecessor-version":[{"id":63626,"href":"https:\/\/seilerei-brockamp.de\/fr\/wp-json\/wp\/v2\/product\/63617\/revisions\/63626"}],"wp:featuredmedia":[{"embeddable":true,"href":"https:\/\/seilerei-brockamp.de\/fr\/wp-json\/wp\/v2\/media\/62515"}],"wp:attachment":[{"href":"https:\/\/seilerei-brockamp.de\/fr\/wp-json\/wp\/v2\/media?parent=63617"}],"wp:term":[{"taxonomy":"product_brand","embeddable":true,"href":"https:\/\/seilerei-brockamp.de\/fr\/wp-json\/wp\/v2\/product_brand?post=63617"},{"taxonomy":"product_cat","embeddable":true,"href":"https:\/\/seilerei-brockamp.de\/fr\/wp-json\/wp\/v2\/product_cat?post=63617"},{"taxonomy":"product_tag","embeddable":true,"href":"https:\/\/seilerei-brockamp.de\/fr\/wp-json\/wp\/v2\/product_tag?post=63617"}],"curies":[{"name":"wp","href":"https:\/\/api.w.org\/{rel}","templated":true}]}}