{"id":63543,"date":"2025-03-15T13:11:22","date_gmt":"2025-03-15T13:11:22","guid":{"rendered":"https:\/\/seilerei-brockamp.de\/?post_type=product&#038;p=63543"},"modified":"2025-10-15T12:26:02","modified_gmt":"2025-10-15T10:26:02","slug":"fuehrseil-lead-rope-4","status":"publish","type":"product","link":"https:\/\/seilerei-brockamp.de\/fr\/produkte\/fuehrseil-lead-rope-4\/","title":{"rendered":"Corde de guidage \/ Lead Rope"},"content":{"rendered":"<div data-elementor-type=\"wp-post\" data-elementor-id=\"63543\" class=\"elementor elementor-63543\" data-elementor-post-type=\"product\">\n\t\t\t\t<div class=\"elementor-element elementor-element-75bf80bc e-flex e-con-boxed e-con e-parent\" data-id=\"75bf80bc\" data-element_type=\"container\">\n\t\t\t\t\t<div class=\"e-con-inner\">\n\t\t\t\t<div class=\"elementor-element elementor-element-6c4f72dc elementor-widget elementor-widget-text-editor\" data-id=\"6c4f72dc\" data-element_type=\"widget\" data-widget_type=\"text-editor.default\">\n\t\t\t\t<div class=\"elementor-widget-container\">\n\t\t\t\t\t\t\t\t\t<h6><strong data-start=\"120\" data-end=\"139\">AVANTAGES<\/strong><\/h6><p data-start=\"142\" data-end=\"281\">Alternative avantageuse \u00e0 notre qualit\u00e9 d'entra\u00eeneur professionnel.<br \/>Remplacement facile du mousqueton.<\/p><hr data-start=\"508\" data-end=\"511\" \/><h6 data-start=\"513\" data-end=\"552\"><strong data-start=\"517\" data-end=\"550\">QUALIT\u00c9<\/strong><\/h6><p data-start=\"1345\" data-end=\"1426\">Qualit\u00e9 standard des entra\u00eeneurs<br \/>MADE IN GERMANY<\/p><hr data-start=\"1428\" data-end=\"1431\" \/><h6 data-start=\"1433\" data-end=\"1457\"><strong data-start=\"1437\" data-end=\"1455\">DOMAINES D'INTERVENTION<\/strong><\/h6><p>La Lead Rope peut \u00eatre utilis\u00e9e pour guider et pour le travail au sol.<\/p><hr data-start=\"1710\" data-end=\"1713\" \/><h6 data-start=\"1715\" data-end=\"1734\"><strong data-start=\"1719\" data-end=\"1732\">NETTOYAGE<\/strong><\/h6><p>Lead Rope : lavable jusqu'\u00e0 30\u00b0 C, pri\u00e8re d'envelopper le crochet d'un chiffon pour prot\u00e9ger le tambour de lavage. Apr\u00e8s le lavage, il est recommand\u00e9 d'huiler l'extr\u00e9mit\u00e9 en cuir.<\/p><hr data-start=\"2044\" data-end=\"2047\" \/><h6 data-start=\"2049\" data-end=\"2066\"><strong data-start=\"2053\" data-end=\"2064\">DISTRIBUTEURS<\/strong><\/h6><p data-start=\"2067\" data-end=\"2159\">Vous trouverez les distributeurs sur notre <strong><a href=\"https:\/\/seilerei-brockamp.de\/fr\/\" target=\"_new\" rel=\"noopener\" data-start=\"2111\" data-end=\"2156\">Site des revendeurs<\/a><\/strong>.<\/p>\t\t\t\t\t\t\t\t<\/div>\n\t\t\t\t<\/div>\n\t\t\t\t\t<\/div>\n\t\t\t\t<\/div>\n\t\t\t\t<\/div>","protected":false},"excerpt":{"rendered":"<p>Lead rope de 3,70 m de long, fabriqu\u00e9 dans la qualit\u00e9 standard d'entra\u00eenement traditionnellement r\u00e9pandue, comme celle des \u00c9tats-Unis, vendue par de nombreux fournisseurs connus. D'un c\u00f4t\u00e9 avec \u0153illet et mousqueton \u00e0 bascule, de l'autre avec extr\u00e9mit\u00e9 en cuir.<\/p>","protected":false},"featured_media":62490,"template":"","meta":[],"product_brand":[],"product_cat":[44,128],"product_tag":[],"class_list":{"0":"post-63543","1":"product","2":"type-product","3":"status-publish","4":"has-post-thumbnail","6":"product_cat-horse-man-ship-bodenarbeit","7":"product_cat-standardqualitaet","9":"wcpa_has_options","11":"first","12":"instock","13":"sale","14":"shipping-taxable","15":"purchasable","16":"product-type-variable"},"_links":{"self":[{"href":"https:\/\/seilerei-brockamp.de\/fr\/wp-json\/wp\/v2\/product\/63543","targetHints":{"allow":["GET"]}}],"collection":[{"href":"https:\/\/seilerei-brockamp.de\/fr\/wp-json\/wp\/v2\/product"}],"about":[{"href":"https:\/\/seilerei-brockamp.de\/fr\/wp-json\/wp\/v2\/types\/product"}],"version-history":[{"count":3,"href":"https:\/\/seilerei-brockamp.de\/fr\/wp-json\/wp\/v2\/product\/63543\/revisions"}],"predecessor-version":[{"id":63555,"href":"https:\/\/seilerei-brockamp.de\/fr\/wp-json\/wp\/v2\/product\/63543\/revisions\/63555"}],"wp:featuredmedia":[{"embeddable":true,"href":"https:\/\/seilerei-brockamp.de\/fr\/wp-json\/wp\/v2\/media\/62490"}],"wp:attachment":[{"href":"https:\/\/seilerei-brockamp.de\/fr\/wp-json\/wp\/v2\/media?parent=63543"}],"wp:term":[{"taxonomy":"product_brand","embeddable":true,"href":"https:\/\/seilerei-brockamp.de\/fr\/wp-json\/wp\/v2\/product_brand?post=63543"},{"taxonomy":"product_cat","embeddable":true,"href":"https:\/\/seilerei-brockamp.de\/fr\/wp-json\/wp\/v2\/product_cat?post=63543"},{"taxonomy":"product_tag","embeddable":true,"href":"https:\/\/seilerei-brockamp.de\/fr\/wp-json\/wp\/v2\/product_tag?post=63543"}],"curies":[{"name":"wp","href":"https:\/\/api.w.org\/{rel}","templated":true}]}}