{"id":63518,"date":"2025-03-11T07:55:34","date_gmt":"2025-03-11T07:55:34","guid":{"rendered":"https:\/\/seilerei-brockamp.de\/?post_type=product&#038;p=63518"},"modified":"2025-05-09T10:06:09","modified_gmt":"2025-05-09T10:06:09","slug":"flaggenstick-mit-metalloese","status":"publish","type":"product","link":"https:\/\/seilerei-brockamp.de\/fr\/produkte\/flaggenstick-mit-metalloese\/","title":{"rendered":"B\u00e2ton de drapeau avec \u0153illet m\u00e9tallique"},"content":{"rendered":"<div data-elementor-type=\"wp-post\" data-elementor-id=\"63518\" class=\"elementor elementor-63518\" data-elementor-post-type=\"product\">\n\t\t\t\t<div class=\"elementor-element elementor-element-75bf80bc e-flex e-con-boxed e-con e-parent\" data-id=\"75bf80bc\" data-element_type=\"container\">\n\t\t\t\t\t<div class=\"e-con-inner\">\n\t\t\t\t<div class=\"elementor-element elementor-element-6c4f72dc elementor-widget elementor-widget-text-editor\" data-id=\"6c4f72dc\" data-element_type=\"widget\" data-widget_type=\"text-editor.default\">\n\t\t\t\t<div class=\"elementor-widget-container\">\n\t\t\t\t\t\t\t\t\t<h6><strong data-start=\"120\" data-end=\"139\">AVANTAGES<\/strong><\/h6><p data-start=\"142\" data-end=\"281\">Il a une poign\u00e9e antid\u00e9rapante, ce qui permet une bonne prise en main.<br \/>Les exercices peuvent \u00eatre effectu\u00e9s \u00e0 une distance suffisante.<\/p><hr data-start=\"508\" data-end=\"511\" \/><h6 data-start=\"513\" data-end=\"552\"><strong data-start=\"517\" data-end=\"550\">QUALIT\u00c9<\/strong><\/h6><p data-start=\"1345\" data-end=\"1426\">Qualit\u00e9 d'entra\u00eeneur professionnel<br \/>MADE IN GERMANY<\/p><hr data-start=\"1428\" data-end=\"1431\" \/><h6 data-start=\"1433\" data-end=\"1457\"><strong data-start=\"1437\" data-end=\"1455\">DOMAINES D'INTERVENTION<\/strong><\/h6><p>Pour les exercices de mouvement et de contact avec le drapeau <\/p><hr data-start=\"1710\" data-end=\"1713\" \/><h6 data-start=\"1715\" data-end=\"1734\"><strong data-start=\"1719\" data-end=\"1732\">NETTOYAGE<\/strong><\/h6><p>Stick : nettoyer avec un chiffon humide.<br \/>Drapeau : lavable \u00e0 30\u00b0.<\/p><hr data-start=\"2044\" data-end=\"2047\" \/><h6 data-start=\"2049\" data-end=\"2066\"><strong data-start=\"2053\" data-end=\"2064\">DISTRIBUTEURS<\/strong><\/h6><p data-start=\"2067\" data-end=\"2159\">Vous trouverez les distributeurs sur notre <strong><a href=\"https:\/\/seilerei-brockamp.de\/fr\/\" target=\"_new\" rel=\"noopener\" data-start=\"2111\" data-end=\"2156\">Site des revendeurs<\/a><\/strong>.<\/p>\t\t\t\t\t\t\t\t<\/div>\n\t\t\t\t<\/div>\n\t\t\t\t\t<\/div>\n\t\t\t\t<\/div>\n\t\t\t\t<\/div>","protected":false},"excerpt":{"rendered":"<p>Prix de vente :<br \/>\n<span style=\"background-color: #f6f6f6; color: #ba8e76; font-family: Nunito, sans-serif; font-size: 18px;\">B\u00e2ton de drapeau avec oeillet m\u00e9tallique \u20ac59.00<br \/>\n<\/span><span style=\"background-color: #f6f6f6; color: #ba8e76; font-family: Nunito, sans-serif; font-size: 18px;\">Broderie avec drapeau (set) 40x40cm \u20ac69.00<\/span><\/p>","protected":false},"featured_media":62681,"template":"","meta":[],"product_brand":[],"product_cat":[44,127],"product_tag":[],"class_list":{"0":"post-63518","1":"product","2":"type-product","3":"status-publish","4":"has-post-thumbnail","6":"product_cat-horse-man-ship-bodenarbeit","7":"product_cat-profiqualitaet","9":"wcpa_has_options","11":"first","12":"instock","13":"sale","14":"shipping-taxable","15":"purchasable","16":"product-type-simple"},"_links":{"self":[{"href":"https:\/\/seilerei-brockamp.de\/fr\/wp-json\/wp\/v2\/product\/63518","targetHints":{"allow":["GET"]}}],"collection":[{"href":"https:\/\/seilerei-brockamp.de\/fr\/wp-json\/wp\/v2\/product"}],"about":[{"href":"https:\/\/seilerei-brockamp.de\/fr\/wp-json\/wp\/v2\/types\/product"}],"version-history":[{"count":12,"href":"https:\/\/seilerei-brockamp.de\/fr\/wp-json\/wp\/v2\/product\/63518\/revisions"}],"predecessor-version":[{"id":64805,"href":"https:\/\/seilerei-brockamp.de\/fr\/wp-json\/wp\/v2\/product\/63518\/revisions\/64805"}],"wp:featuredmedia":[{"embeddable":true,"href":"https:\/\/seilerei-brockamp.de\/fr\/wp-json\/wp\/v2\/media\/62681"}],"wp:attachment":[{"href":"https:\/\/seilerei-brockamp.de\/fr\/wp-json\/wp\/v2\/media?parent=63518"}],"wp:term":[{"taxonomy":"product_brand","embeddable":true,"href":"https:\/\/seilerei-brockamp.de\/fr\/wp-json\/wp\/v2\/product_brand?post=63518"},{"taxonomy":"product_cat","embeddable":true,"href":"https:\/\/seilerei-brockamp.de\/fr\/wp-json\/wp\/v2\/product_cat?post=63518"},{"taxonomy":"product_tag","embeddable":true,"href":"https:\/\/seilerei-brockamp.de\/fr\/wp-json\/wp\/v2\/product_tag?post=63518"}],"curies":[{"name":"wp","href":"https:\/\/api.w.org\/{rel}","templated":true}]}}