{"id":63460,"date":"2025-03-02T14:07:12","date_gmt":"2025-03-02T14:07:12","guid":{"rendered":"https:\/\/seilerei-brockamp.de\/?post_type=product&#038;p=63460"},"modified":"2025-10-15T12:19:45","modified_gmt":"2025-10-15T10:19:45","slug":"horse-man-riding-stick","status":"publish","type":"product","link":"https:\/\/seilerei-brockamp.de\/fr\/produkte\/horse-man-riding-stick\/","title":{"rendered":"Horse-Man-Riding-Stick"},"content":{"rendered":"<div data-elementor-type=\"wp-post\" data-elementor-id=\"63460\" class=\"elementor elementor-63460\" data-elementor-post-type=\"product\">\n\t\t\t\t<div class=\"elementor-element elementor-element-75bf80bc e-flex e-con-boxed e-con e-parent\" data-id=\"75bf80bc\" data-element_type=\"container\">\n\t\t\t\t\t<div class=\"e-con-inner\">\n\t\t\t\t<div class=\"elementor-element elementor-element-6c4f72dc elementor-widget elementor-widget-text-editor\" data-id=\"6c4f72dc\" data-element_type=\"widget\" data-widget_type=\"text-editor.default\">\n\t\t\t\t<div class=\"elementor-widget-container\">\n\t\t\t\t\t\t\t\t\t<h6><strong data-start=\"120\" data-end=\"139\">AVANTAGES<\/strong><\/h6><p data-start=\"142\" data-end=\"281\">Gr\u00e2ce \u00e0 la fibre de verre, le Horse-Man-Riding-Stick est plus solide que les autres cravaches.<br \/>Il a une poign\u00e9e antid\u00e9rapante, ce qui permet de bien le tenir en main. Il est plus l\u00e9ger que les b\u00e2tons Horse-Man.<\/p><hr data-start=\"508\" data-end=\"511\" \/><h6 data-start=\"513\" data-end=\"552\"><strong data-start=\"517\" data-end=\"550\">QUALIT\u00c9<\/strong><\/h6><p data-start=\"1345\" data-end=\"1426\">Qualit\u00e9 d'entra\u00eeneur professionnel<br \/>MADE IN GERMANY<\/p><hr data-start=\"1428\" data-end=\"1431\" \/><h6 data-start=\"1433\" data-end=\"1457\"><strong data-start=\"1437\" data-end=\"1455\">DOMAINES D'INTERVENTION<\/strong><\/h6><p>Pour soutenir les aides motrices pendant l'\u00e9quitation ou le travail au sol. Avec ses 95 cm, le Riding Stick l\u00e9ger est suffisamment long pour \u00eatre utilis\u00e9 pendant le travail au sol \u00e0 diff\u00e9rents endroits du corps du cheval.<\/p><hr data-start=\"1710\" data-end=\"1713\" \/><h6 data-start=\"1715\" data-end=\"1734\"><strong data-start=\"1719\" data-end=\"1732\">NETTOYAGE<\/strong><\/h6><p>Nettoyer avec un chiffon humide<\/p><hr data-start=\"2044\" data-end=\"2047\" \/><h6 data-start=\"2049\" data-end=\"2066\"><strong data-start=\"2053\" data-end=\"2064\">DISTRIBUTEURS<\/strong><\/h6><p data-start=\"2067\" data-end=\"2159\">Vous trouverez les distributeurs sur notre <strong><a href=\"https:\/\/seilerei-brockamp.de\/fr\/\" target=\"_new\" rel=\"noopener\" data-start=\"2111\" data-end=\"2156\">Site des revendeurs<\/a><\/strong>.<\/p>\t\t\t\t\t\t\t\t<\/div>\n\t\t\t\t<\/div>\n\t\t\t\t\t<\/div>\n\t\t\t\t<\/div>\n\t\t\t\t<\/div>","protected":false},"excerpt":{"rendered":"<p>Fibre de verre \/ 95 cm de longueur<\/p>\n<p>Fibre de verre avec languette en cuir. Avec une longueur de 0,95 m et un diam\u00e8tre de 7 mm, c'est le b\u00e2ton d'\u00e9quitation id\u00e9al.<\/p>\n<p>Les b\u00e2tons Horse-Man sont disponibles au choix en bleu, orange et noir.<\/p>","protected":false},"featured_media":62501,"template":"","meta":[],"product_brand":[],"product_cat":[44,127],"product_tag":[],"class_list":{"0":"post-63460","1":"product","2":"type-product","3":"status-publish","4":"has-post-thumbnail","6":"product_cat-horse-man-ship-bodenarbeit","7":"product_cat-profiqualitaet","9":"wcpa_has_options","11":"first","12":"instock","13":"sale","14":"shipping-taxable","15":"purchasable","16":"product-type-variable"},"_links":{"self":[{"href":"https:\/\/seilerei-brockamp.de\/fr\/wp-json\/wp\/v2\/product\/63460","targetHints":{"allow":["GET"]}}],"collection":[{"href":"https:\/\/seilerei-brockamp.de\/fr\/wp-json\/wp\/v2\/product"}],"about":[{"href":"https:\/\/seilerei-brockamp.de\/fr\/wp-json\/wp\/v2\/types\/product"}],"version-history":[{"count":14,"href":"https:\/\/seilerei-brockamp.de\/fr\/wp-json\/wp\/v2\/product\/63460\/revisions"}],"predecessor-version":[{"id":65259,"href":"https:\/\/seilerei-brockamp.de\/fr\/wp-json\/wp\/v2\/product\/63460\/revisions\/65259"}],"wp:featuredmedia":[{"embeddable":true,"href":"https:\/\/seilerei-brockamp.de\/fr\/wp-json\/wp\/v2\/media\/62501"}],"wp:attachment":[{"href":"https:\/\/seilerei-brockamp.de\/fr\/wp-json\/wp\/v2\/media?parent=63460"}],"wp:term":[{"taxonomy":"product_brand","embeddable":true,"href":"https:\/\/seilerei-brockamp.de\/fr\/wp-json\/wp\/v2\/product_brand?post=63460"},{"taxonomy":"product_cat","embeddable":true,"href":"https:\/\/seilerei-brockamp.de\/fr\/wp-json\/wp\/v2\/product_cat?post=63460"},{"taxonomy":"product_tag","embeddable":true,"href":"https:\/\/seilerei-brockamp.de\/fr\/wp-json\/wp\/v2\/product_tag?post=63460"}],"curies":[{"name":"wp","href":"https:\/\/api.w.org\/{rel}","templated":true}]}}