{"id":62736,"date":"2025-02-16T12:55:50","date_gmt":"2025-02-16T12:55:50","guid":{"rendered":"https:\/\/seilerei-brockamp.de\/?post_type=product&#038;p=62736"},"modified":"2025-05-09T10:07:29","modified_gmt":"2025-05-09T10:07:29","slug":"fuehrseil-lead-rope","status":"publish","type":"product","link":"https:\/\/seilerei-brockamp.de\/fr\/produkte\/fuehrseil-lead-rope\/","title":{"rendered":"Corde de guidage \/ Lead Rope"},"content":{"rendered":"<div data-elementor-type=\"wp-post\" data-elementor-id=\"62736\" class=\"elementor elementor-62736\" data-elementor-post-type=\"product\">\n\t\t\t\t<div class=\"elementor-element elementor-element-75bf80bc e-flex e-con-boxed e-con e-parent\" data-id=\"75bf80bc\" data-element_type=\"container\">\n\t\t\t\t\t<div class=\"e-con-inner\">\n\t\t\t\t<div class=\"elementor-element elementor-element-6c4f72dc elementor-widget elementor-widget-text-editor\" data-id=\"6c4f72dc\" data-element_type=\"widget\" data-widget_type=\"text-editor.default\">\n\t\t\t\t<div class=\"elementor-widget-container\">\n\t\t\t\t\t\t\t\t\t<h6><strong data-start=\"120\" data-end=\"139\">AVANTAGES<\/strong><\/h6><p data-start=\"142\" data-end=\"281\">La qualit\u00e9 sup\u00e9rieure du c\u00e2ble permet une longue dur\u00e9e de vie de la corde de guidage.<\/p><hr data-start=\"508\" data-end=\"511\" \/><h6 data-start=\"513\" data-end=\"552\"><strong data-start=\"517\" data-end=\"550\">QUALIT\u00c9<\/strong><\/h6><p data-start=\"1345\" data-end=\"1426\">Qualit\u00e9 d'entra\u00eeneur professionnel<br \/>MADE IN GERMANY<\/p><hr data-start=\"1428\" data-end=\"1431\" \/><h6 data-start=\"1433\" data-end=\"1457\"><strong data-start=\"1437\" data-end=\"1455\">DOMAINES D'INTERVENTION<\/strong><\/h6><p>Pour guider et attacher le cheval.<\/p><hr data-start=\"1710\" data-end=\"1713\" \/><h6 data-start=\"1715\" data-end=\"1734\"><strong data-start=\"1719\" data-end=\"1732\">NETTOYAGE<\/strong><\/h6><p>Lavable jusqu'\u00e0 30\u00b0 C, veuillez envelopper le crochet d'un chiffon pour prot\u00e9ger le tambour de lavage. Apr\u00e8s le lavage, il est recommand\u00e9 d'huiler l'extr\u00e9mit\u00e9 en cuir.<\/p><hr data-start=\"2044\" data-end=\"2047\" \/><h6 data-start=\"2049\" data-end=\"2066\"><strong data-start=\"2053\" data-end=\"2064\">DISTRIBUTEURS<\/strong><\/h6><p data-start=\"2067\" data-end=\"2159\">Vous trouverez les distributeurs sur notre <strong><a href=\"https:\/\/seilerei-brockamp.de\/fr\/\" target=\"_new\" rel=\"noopener\" data-start=\"2111\" data-end=\"2156\">Site des revendeurs<\/a><\/strong>.<\/p>\t\t\t\t\t\t\t\t<\/div>\n\t\t\t\t<\/div>\n\t\t\t\t\t<\/div>\n\t\t\t\t<\/div>\n\t\t\t\t<\/div>","protected":false},"excerpt":{"rendered":"<p>Polyester 13 mm \/ 2 m de long \/ avec mousqueton en laiton<\/p>\n<p>En polyester de la plus haute qualit\u00e9. Les crochets et les couleurs peuvent \u00eatre choisis librement. Vous trouverez le choix de crochets dans la cat\u00e9gorie Accessoires.<\/p>\n<p>Prix de vente :<br \/>\n00 oeillet = \u20ac19.00<br \/>\n01 Mousqueton \u00e0 boulon laiton = \u20ac19.00<br \/>\n02 Mousqueton \u00e0 boulon nickel\u00e9= \u20ac19.00<br \/>\n03 Bullsnap laiton = \u20ac23.00<br \/>\n04 Bullsnap nickel\u00e9 = \u20ac21.00<br \/>\n05 Mousqueton \u00e0 bascule rotatif Inox = \u20ac26.00<br \/>\n06 Mousqueton \u00e0 bascule rotatif laiton = \u20ac26.00<br \/>\n07 FWK (fabriqu\u00e9 sur corde avec anneau) = \u20ac21.00<br \/>\n08 Patte de d\u00e9tente laiton rond = \u20ac19.00<br \/>\n09 tirette nickel\u00e9e ronde = \u20ac19.00<\/p>","protected":false},"featured_media":62485,"template":"","meta":[],"product_brand":[],"product_cat":[144,119,44,127],"product_tag":[],"class_list":{"0":"post-62736","1":"product","2":"type-product","3":"status-publish","4":"has-post-thumbnail","6":"product_cat-fuehrstrick-in-polyester","7":"product_cat-fuhrstricke","8":"product_cat-horse-man-ship-bodenarbeit","9":"product_cat-profiqualitaet","11":"wcpa_has_options","13":"first","14":"instock","15":"sale","16":"shipping-taxable","17":"purchasable","18":"product-type-variable"},"_links":{"self":[{"href":"https:\/\/seilerei-brockamp.de\/fr\/wp-json\/wp\/v2\/product\/62736","targetHints":{"allow":["GET"]}}],"collection":[{"href":"https:\/\/seilerei-brockamp.de\/fr\/wp-json\/wp\/v2\/product"}],"about":[{"href":"https:\/\/seilerei-brockamp.de\/fr\/wp-json\/wp\/v2\/types\/product"}],"version-history":[{"count":21,"href":"https:\/\/seilerei-brockamp.de\/fr\/wp-json\/wp\/v2\/product\/62736\/revisions"}],"predecessor-version":[{"id":63287,"href":"https:\/\/seilerei-brockamp.de\/fr\/wp-json\/wp\/v2\/product\/62736\/revisions\/63287"}],"wp:featuredmedia":[{"embeddable":true,"href":"https:\/\/seilerei-brockamp.de\/fr\/wp-json\/wp\/v2\/media\/62485"}],"wp:attachment":[{"href":"https:\/\/seilerei-brockamp.de\/fr\/wp-json\/wp\/v2\/media?parent=62736"}],"wp:term":[{"taxonomy":"product_brand","embeddable":true,"href":"https:\/\/seilerei-brockamp.de\/fr\/wp-json\/wp\/v2\/product_brand?post=62736"},{"taxonomy":"product_cat","embeddable":true,"href":"https:\/\/seilerei-brockamp.de\/fr\/wp-json\/wp\/v2\/product_cat?post=62736"},{"taxonomy":"product_tag","embeddable":true,"href":"https:\/\/seilerei-brockamp.de\/fr\/wp-json\/wp\/v2\/product_tag?post=62736"}],"curies":[{"name":"wp","href":"https:\/\/api.w.org\/{rel}","templated":true}]}}