{"id":64570,"date":"2025-05-06T14:34:59","date_gmt":"2025-05-06T14:34:59","guid":{"rendered":"https:\/\/seilerei-brockamp.de\/?page_id=64570"},"modified":"2025-06-11T18:04:59","modified_gmt":"2025-06-11T16:04:59","slug":"agb","status":"publish","type":"page","link":"https:\/\/seilerei-brockamp.de\/fr\/agb\/","title":{"rendered":"CONDITIONS G\u00c9N\u00c9RALES DE VENTE"},"content":{"rendered":"<div data-elementor-type=\"wp-page\" data-elementor-id=\"64570\" class=\"elementor elementor-64570\" data-elementor-post-type=\"page\">\n\t\t\t\t<div class=\"elementor-element elementor-element-2248a629 e-flex e-con-boxed e-con e-parent\" data-id=\"2248a629\" data-element_type=\"container\">\n\t\t\t\t\t<div class=\"e-con-inner\">\n\t\t\t\t<div class=\"elementor-element elementor-element-5b3881af elementor-widget elementor-widget-text-editor\" data-id=\"5b3881af\" data-element_type=\"widget\" data-widget_type=\"text-editor.default\">\n\t\t\t\t<div class=\"elementor-widget-container\">\n\t\t\t\t\t\t\t\t\t<p>CONDITIONS G\u00c9N\u00c9RALES DE VENTE<\/p><p><br \/>I. G\u00e9n\u00e9ralit\u00e9s<\/p><p>Les conditions g\u00e9n\u00e9rales de vente suivantes s'appliquent \u00e0 tous les contrats, livraisons et prestations de la Flecht- und Seilerei Brockamp GmbH. Toute d\u00e9rogation n\u00e9cessite la forme \u00e9crite.<\/p><p>II Conclusion du contrat et livraison<\/p><p>1. vous pouvez commander tous les produits de Flecht- und Seilerei Brockamp GmbH \u00e0 partir du catalogue, de la boutique Internet ou sur place, par e-mail, par courrier, par t\u00e9l\u00e9phone, par fax ou par Internet<\/p><p>2. toutes les offres sont toujours sans engagement. Les conclusions de contrats et autres accords deviennent contraignants par une confirmation du vendeur ou par l'envoi de la marchandise. Les accords annexes n\u00e9cessitent la forme \u00e9crite.<\/p><p>3. pour les articles qui ne sont pas ou pas imm\u00e9diatement disponibles, le client re\u00e7oit une annulation ou une date de livraison \u00e0 partir de laquelle l'article sera \u00e0 nouveau disponible. Dans ce cas, le client peut d\u00e9cider s'il souhaite encore confirmer l'article command\u00e9 \u00e0 la date de livraison mentionn\u00e9e ou il peut r\u00e9silier le contrat dans cette mesure.<\/p><p>4) Le vendeur se r\u00e9serve express\u00e9ment le droit de modifier les prix et d'apporter des modifications techniques, des erreurs ou des fautes d'impression. Toute responsabilit\u00e9 \u00e0 cet \u00e9gard est exclue.<\/p><p>5. la livraison est effectu\u00e9e par la Flecht- und Seilerei Brockamp GmbH dans un d\u00e9lai d'environ une semaine, dans un emballage solide, par la poste, un service de colis ou une entreprise de transport. Les demandes de dommages et int\u00e9r\u00eats pour retard de livraison sont exclues.<\/p><p>III Prix et frais d'exp\u00e9dition<\/p><p>1. les prix applicables sont ceux indiqu\u00e9s dans le catalogue ou dans la boutique Internet au moment de la commande, ou ceux confirm\u00e9s par le vendeur. Sous r\u00e9serve d'erreurs.<\/p><p>2. les prix incluent la TVA en vigueur au moment de la commande.<\/p><p>3) Pour les ventes \u00e0 des clients professionnels, des commer\u00e7ants et des revendeurs, les prix convenus sont des prix nets. Les prix s'entendent alors major\u00e9s de la TVA l\u00e9gale.<\/p><p>4. la livraison s'effectue d\u00e9part usine. Pour les livraisons, les frais d'exp\u00e9dition effectivement encourus sont factur\u00e9s en fonction du poids.<\/p><p>IV. Paiement<\/p><p>1. le paiement des marchandises livr\u00e9es s'effectue par pr\u00e9l\u00e8vement automatique, par carte Visa ou Mastercard ou contre remboursement<\/p><p>2. les frais de contre-remboursement sont \u00e0 la charge de l'acheteur.<\/p><p>3. en cas de commande par Internet ou par e-mail, nous vous demandons express\u00e9ment de transmettre s\u00e9par\u00e9ment par fax ou par t\u00e9l\u00e9phone vos coordonn\u00e9es bancaires ou les donn\u00e9es de votre carte (num\u00e9ro de carte, titulaire, date de validit\u00e9), qui sont essentielles pour le paiement.<\/p><p>4. dans certains cas, il est possible de convenir d'un paiement sur facture. Vous vous engagez alors \u00e0 r\u00e9gler le montant de la facture dans les 14 jours suivant la r\u00e9ception de la marchandise. En cas de retard de paiement, nous nous r\u00e9servons le droit de faire valoir des frais de rappel.<\/p><p>5. pour les ventes aux distributeurs et aux revendeurs, le d\u00e9lai de paiement est de 30 jours \u00e0 compter de la date de facturation ou de 10 jours avec 2 % d'escompte.<\/p><p>V. R\u00e9serve de propri\u00e9t\u00e9<\/p><p>1. jusqu'au paiement complet, la marchandise livr\u00e9e reste la propri\u00e9t\u00e9 de Flecht- und Seilerei Brockamp GmbH.<\/p><p>VI Droit de r\u00e9tractation et de retour<\/p><p>1. vous pouvez r\u00e9voquer votre d\u00e9claration de contrat dans un d\u00e9lai d'un mois sans indication de motifs, sous forme de texte (par ex. lettre, fax, e-mail) ou - si la chose vous est remise avant l'expiration du d\u00e9lai - en renvoyant la chose.<\/p><p>2. le d\u00e9lai commence \u00e0 courir \u00e0 compter de la r\u00e9ception de la pr\u00e9sente information sous forme de texte, mais pas avant la r\u00e9ception de la marchandise par le destinataire.<\/p><p>3. pour respecter le d\u00e9lai de r\u00e9tractation, il suffit d'envoyer la r\u00e9tractation ou la chose dans les d\u00e9lais.<\/p><p>4. la r\u00e9vocation et le retour doivent \u00eatre adress\u00e9s \u00e0 :<br \/>Tressage et corderie Brockamp GmbH<br \/>Zum M\u00fchlgraben 18, D - 68642 B\u00fcrstadt<br \/>T\u00e9l\u00e9phone : 0049 - (0)6206 - 8510<br \/>T\u00e9l\u00e9copieur : 0049 - (0)6206 - 707133<br \/>Courrier \u00e9lectronique : Seil-Brockamp@t-online.de<\/p><p>5. en cas de r\u00e9tractation effective, les prestations re\u00e7ues par les deux parties doivent \u00eatre restitu\u00e9es et, le cas \u00e9ch\u00e9ant, les b\u00e9n\u00e9fices tir\u00e9s (int\u00e9r\u00eats) doivent \u00eatre rembours\u00e9s<\/p><p>6) Si vous n'\u00eates pas en mesure de nous restituer la prestation re\u00e7ue, en tout ou en partie, ou si vous ne pouvez la restituer que dans un \u00e9tat d\u00e9grad\u00e9, vous devez nous verser un d\u00e9dommagement. Cela ne s'applique pas \u00e0 la cession de biens si la d\u00e9t\u00e9rioration de la chose est exclusivement due \u00e0 son examen - comme cela aurait \u00e9t\u00e9 possible dans un magasin par exemple. Par ailleurs, vous pouvez \u00e9viter l'obligation de rembourser la valeur d'une d\u00e9t\u00e9rioration r\u00e9sultant d'une utilisation conforme de la chose en n'utilisant pas la chose comme si elle vous appartenait et en \u00e9vitant tout ce qui pourrait en diminuer la valeur.<\/p><p>7. les objets pouvant \u00eatre exp\u00e9di\u00e9s par colis doivent \u00eatre renvoy\u00e9s \u00e0 nos risques et p\u00e9rils. Les frais de renvoi sont \u00e0 votre charge si le prix de l'objet \u00e0 renvoyer ne d\u00e9passe pas 40 euros ou si, en cas de prix plus \u00e9lev\u00e9 de l'objet, vous n'avez pas encore fourni la contrepartie ou un paiement partiel convenu par contrat au moment de la r\u00e9tractation. Dans le cas contraire, le renvoi est gratuit pour vous.<\/p><p>8. les objets ne pouvant \u00eatre exp\u00e9di\u00e9s par colis sont collect\u00e9s \u00e0 votre domicile.<\/p><p>9. les obligations de remboursement des paiements doivent \u00eatre remplies dans un d\u00e9lai de 30 jours. Le d\u00e9lai commence \u00e0 courir pour vous d\u00e8s l'envoi de votre d\u00e9claration de r\u00e9tractation ou de la marchandise, et pour nous d\u00e8s sa r\u00e9ception.<\/p><p>10) Le droit de r\u00e9tractation ne s'applique pas \u00e0 la livraison de marchandises qui ont \u00e9t\u00e9 fabriqu\u00e9es selon les souhaits ou les sp\u00e9cifications du client ou qui ont \u00e9t\u00e9 adapt\u00e9es aux besoins personnels et aux souhaits du client. Cela s'applique \u00e9galement aux marchandises qui, en raison de leur nature, ne peuvent pas \u00eatre retourn\u00e9es.<\/p><p>11. les commer\u00e7ants et les revendeurs n'ont pas de droit de r\u00e9tractation ou de retour conform\u00e9ment au \u00a7 312 d du code civil allemand (BGB).<\/p><p>VII Garantie<\/p><p>1. la marchandise livr\u00e9e par Flecht- und Seilerei Brockamp GmbH est soumise \u00e0 des exigences de qualit\u00e9 tr\u00e8s \u00e9lev\u00e9es.<\/p><p>2) Si la marchandise livr\u00e9e n'a toutefois pas la qualit\u00e9 convenue ou si elle est entach\u00e9e de d\u00e9fauts au moment de l'achat, le vendeur proc\u00e8de en principe \u00e0 une ex\u00e9cution ult\u00e9rieure en livrant une marchandise exempte de d\u00e9fauts. Si l'ex\u00e9cution ult\u00e9rieure \u00e9choue, l'acheteur peut r\u00e9duire le prix d'achat de mani\u00e8re appropri\u00e9e ou r\u00e9silier le contrat.<\/p><p>3) Le d\u00e9lai de prescription pour faire valoir les droits de garantie susmentionn\u00e9s est de deux ans \u00e0 compter de la livraison.<\/p><p>4. pour les transactions juridiques avec des clients professionnels, des commer\u00e7ants et des revendeurs, les droits de garantie et les d\u00e9lais de prescription suivent les dispositions l\u00e9gales.<\/p><p>IX. Dispositions finales<\/p><p>1. toutes les donn\u00e9es personnelles enregistr\u00e9es pour le traitement des commandes ne sont pas transmises, mais trait\u00e9es de mani\u00e8re confidentielle.<\/p>\t\t\t\t\t\t\t\t<\/div>\n\t\t\t\t<\/div>\n\t\t\t\t\t<\/div>\n\t\t\t\t<\/div>\n\t\t\t\t<\/div>","protected":false},"excerpt":{"rendered":"<p>CONDITIONS G\u00c9N\u00c9RALES DE VENTE I. G\u00e9n\u00e9ralit\u00e9s Les conditions g\u00e9n\u00e9rales de vente suivantes s'appliquent \u00e0 tous les contrats, livraisons et prestations de la Flecht- und Seilerei Brockamp GmbH. Toute d\u00e9rogation n\u00e9cessite la forme \u00e9crite. II Conclusion du contrat et livraison 1. Vous pouvez commander tous les produits de Flecht- und Seilerei Brockamp GmbH \u00e0 partir du catalogue, de la boutique Internet ou sur place, par e-mail, courrier, t\u00e9l\u00e9phone, fax ou via Internet. 2. tous les [...]<\/p>","protected":false},"author":1,"featured_media":0,"parent":0,"menu_order":0,"comment_status":"closed","ping_status":"open","template":"","meta":{"footnotes":""},"class_list":["post-64570","page","type-page","status-publish","hentry"],"_links":{"self":[{"href":"https:\/\/seilerei-brockamp.de\/fr\/wp-json\/wp\/v2\/pages\/64570","targetHints":{"allow":["GET"]}}],"collection":[{"href":"https:\/\/seilerei-brockamp.de\/fr\/wp-json\/wp\/v2\/pages"}],"about":[{"href":"https:\/\/seilerei-brockamp.de\/fr\/wp-json\/wp\/v2\/types\/page"}],"author":[{"embeddable":true,"href":"https:\/\/seilerei-brockamp.de\/fr\/wp-json\/wp\/v2\/users\/1"}],"replies":[{"embeddable":true,"href":"https:\/\/seilerei-brockamp.de\/fr\/wp-json\/wp\/v2\/comments?post=64570"}],"version-history":[{"count":7,"href":"https:\/\/seilerei-brockamp.de\/fr\/wp-json\/wp\/v2\/pages\/64570\/revisions"}],"predecessor-version":[{"id":65007,"href":"https:\/\/seilerei-brockamp.de\/fr\/wp-json\/wp\/v2\/pages\/64570\/revisions\/65007"}],"wp:attachment":[{"href":"https:\/\/seilerei-brockamp.de\/fr\/wp-json\/wp\/v2\/media?parent=64570"}],"curies":[{"name":"wp","href":"https:\/\/api.w.org\/{rel}","templated":true}]}}