{"id":64410,"date":"2025-04-13T08:33:17","date_gmt":"2025-04-13T08:33:17","guid":{"rendered":"https:\/\/seilerei-brockamp.de\/?page_id=64410"},"modified":"2025-05-08T07:36:14","modified_gmt":"2025-05-08T07:36:14","slug":"service","status":"publish","type":"page","link":"https:\/\/seilerei-brockamp.de\/fr\/service\/","title":{"rendered":"Service"},"content":{"rendered":"<div data-elementor-type=\"wp-page\" data-elementor-id=\"64410\" class=\"elementor elementor-64410\" data-elementor-post-type=\"page\">\n\t\t\t\t<div class=\"elementor-element elementor-element-5d14e71e e-flex e-con-boxed e-con e-parent\" data-id=\"5d14e71e\" data-element_type=\"container\">\n\t\t\t\t\t<div class=\"e-con-inner\">\n\t\t\t\t<div class=\"elementor-element elementor-element-3a8da1e elementor-widget elementor-widget-text-editor\" data-id=\"3a8da1e\" data-element_type=\"widget\" data-widget_type=\"text-editor.default\">\n\t\t\t\t<div class=\"elementor-widget-container\">\n\t\t\t\t\t\t\t\t\t<p><b>Service<\/b><\/p><p><span class=\"serviceHeadlinePDF\">INSTRUCTIONS :<\/span><\/p><p class=\"nopadding beschreibungpdf\"><strong>Fermer un licol<\/strong><\/p><p><b>\u00a0<\/b><img fetchpriority=\"high\" decoding=\"async\" class=\"alignnone wp-image-64555 size-full\" src=\"https:\/\/seilerei-brockamp.de\/wp-content\/uploads\/2025\/05\/halfterbig.png\" alt=\"\" width=\"419\" height=\"625\" \/><\/p><p><span class=\"serviceHeadlinePDF\">INSTRUCTIONS :<\/span><\/p><p class=\"nopadding beschreibungpdf\"><strong>Syst\u00e8me de verrouillage facile<\/strong><\/p><p><img decoding=\"async\" class=\"alignnone wp-image-64557 size-full\" src=\"https:\/\/seilerei-brockamp.de\/wp-content\/uploads\/2025\/05\/easylockingbig.png\" alt=\"\" width=\"280\" height=\"409\" \/><\/p><p>Le syst\u00e8me brevet\u00e9 Easy-Locking permet de r\u00e9gler la longueur d'une corde sans connexion m\u00e9tallique.<\/p><p>Dans ce cas, le c\u00e2ble passe \u00e0 travers la gaine ext\u00e9rieure fixe. Le r\u00e9glage de la longueur (plus longue\/courte) s'effectue en tenant l\u00e9g\u00e8rement la gaine ext\u00e9rieure fixe et en tirant sur la corde qui la traverse vers la gauche ou la droite, \u00e9ventuellement vers le haut ou le bas.<\/p><p>Apr\u00e8s avoir r\u00e9gl\u00e9 la longueur souhait\u00e9e, on lisse \u00e0 nouveau la gaine ext\u00e9rieure fixe et on fixe la corde.<\/p><p><span class=\"serviceHeadlinePDF\">INSTRUCTIONS :<\/span><\/p><p class=\"nopadding beschreibungpdf\"><strong>OneSize<\/strong><\/p><p><img decoding=\"async\" src=\"https:\/\/seilerei-brockamp.de\/wp-content\/uploads\/2025\/05\/Bez-tytulu.png\" \/><\/p><p>Fig. 1 : La boucle de corde avec la corde attach\u00e9e forme le nez du One Size.<\/p><p>Elle est enfil\u00e9e sur le chanfrein et permet de r\u00e9gler la taille du licol en faisant glisser l'enveloppe ext\u00e9rieure vers le haut ou vers le bas.<\/p><p>Fig. 2 : La boucle de corde arri\u00e8re est plac\u00e9e sur les oreilles de la t\u00eate du cheval en guise de t\u00eati\u00e8re.<\/p><p>La taille de la t\u00eati\u00e8re peut \u00eatre r\u00e9gl\u00e9e \u00e0 cet endroit en faisant glisser l'\u0153illet d'avant en arri\u00e8re.<\/p><p>Fig. 3 : Adapter le licol \u00e0 la taille de la t\u00eate du cheval.<\/p><p><strong>Important !<\/strong><br \/>Pour enlever la pression constante sur l'ar\u00eate du nez, il faut faire un n\u0153ud \u00e0 la partie inf\u00e9rieure du One Size.<\/p><p>Dans ce cas, l'extr\u00e9mit\u00e9 du tricot est pass\u00e9e dans la boucle de corde inf\u00e9rieure, puis tir\u00e9e \u00e0 travers la nouvelle boucle form\u00e9e et fix\u00e9e sous forme de n\u0153ud.<\/p>\t\t\t\t\t\t\t\t<\/div>\n\t\t\t\t<\/div>\n\t\t\t\t\t<\/div>\n\t\t\t\t<\/div>\n\t\t<div class=\"elementor-element elementor-element-4cd5dda e-flex e-con-boxed e-con e-parent\" data-id=\"4cd5dda\" data-element_type=\"container\">\n\t\t\t\t\t<div class=\"e-con-inner\">\n\t\t\t\t\t<\/div>\n\t\t\t\t<\/div>\n\t\t\t\t<\/div>","protected":false},"excerpt":{"rendered":"<p>Service INSTRUCTIONS : Fermer un licol INSTRUCTIONS : Syst\u00e8me Easy-Locking Le syst\u00e8me brevet\u00e9 Easy-Locking permet de r\u00e9gler la longueur d'une corde sans connexion m\u00e9tallique. Dans ce cas, la corde passe \u00e0 travers la gaine ext\u00e9rieure fixe. En tenant l\u00e9g\u00e8rement la gaine ext\u00e9rieure fixe et en tirant sur la corde qui la traverse vers la gauche ou vers la droite, \u00e9ventuellement vers le haut ou vers le bas, on proc\u00e8de au r\u00e9glage de la longueur (plus longue\/plus courte). Apr\u00e8s le [...]<\/p>","protected":false},"author":1,"featured_media":0,"parent":0,"menu_order":0,"comment_status":"closed","ping_status":"closed","template":"","meta":{"footnotes":""},"class_list":["post-64410","page","type-page","status-publish","hentry"],"_links":{"self":[{"href":"https:\/\/seilerei-brockamp.de\/fr\/wp-json\/wp\/v2\/pages\/64410","targetHints":{"allow":["GET"]}}],"collection":[{"href":"https:\/\/seilerei-brockamp.de\/fr\/wp-json\/wp\/v2\/pages"}],"about":[{"href":"https:\/\/seilerei-brockamp.de\/fr\/wp-json\/wp\/v2\/types\/page"}],"author":[{"embeddable":true,"href":"https:\/\/seilerei-brockamp.de\/fr\/wp-json\/wp\/v2\/users\/1"}],"replies":[{"embeddable":true,"href":"https:\/\/seilerei-brockamp.de\/fr\/wp-json\/wp\/v2\/comments?post=64410"}],"version-history":[{"count":28,"href":"https:\/\/seilerei-brockamp.de\/fr\/wp-json\/wp\/v2\/pages\/64410\/revisions"}],"predecessor-version":[{"id":64705,"href":"https:\/\/seilerei-brockamp.de\/fr\/wp-json\/wp\/v2\/pages\/64410\/revisions\/64705"}],"wp:attachment":[{"href":"https:\/\/seilerei-brockamp.de\/fr\/wp-json\/wp\/v2\/media?parent=64410"}],"curies":[{"name":"wp","href":"https:\/\/api.w.org\/{rel}","templated":true}]}}