{"id":3,"date":"2025-02-01T13:55:58","date_gmt":"2025-02-01T13:55:58","guid":{"rendered":"https:\/\/seilerei-brockamp.de\/?page_id=3"},"modified":"2025-11-10T13:14:41","modified_gmt":"2025-11-10T11:14:41","slug":"privacy-policy","status":"publish","type":"page","link":"https:\/\/seilerei-brockamp.de\/fr\/privacy-policy\/","title":{"rendered":"Mentions l\u00e9gales"},"content":{"rendered":"<div data-elementor-type=\"wp-page\" data-elementor-id=\"3\" class=\"elementor elementor-3\" data-elementor-post-type=\"page\">\n\t\t\t\t<div class=\"elementor-element elementor-element-2248a629 e-flex e-con-boxed e-con e-parent\" data-id=\"2248a629\" data-element_type=\"container\">\n\t\t\t\t\t<div class=\"e-con-inner\">\n\t\t\t\t<div class=\"elementor-element elementor-element-5b3881af elementor-widget elementor-widget-text-editor\" data-id=\"5b3881af\" data-element_type=\"widget\" data-widget_type=\"text-editor.default\">\n\t\t\t\t<div class=\"elementor-widget-container\">\n\t\t\t\t\t\t\t\t\t<p><span class=\"impressumUnternehmen\"><b>Tressage et corderie Brockamp GmbH<\/b><\/span><\/p><p class=\"impressumKontaktabsatz\">Directeur g\u00e9n\u00e9ral : Thomas Brockamp<\/p><p class=\"impressumKontaktabsatz\">Au foss\u00e9 du moulin 18<\/p><p class=\"impressumKontaktabsatz\">D-68642 B\u00fcrstadt<br \/><span class=\"impressumLabel\" style=\"text-align: var(--text-align); background-color: transparent; color: var(--text-color,#0a214f); font-family: var(--font-family-base,'Nunito',sans-serif); font-size: var(--font-size-body,14px);\">TEL.<\/span><span class=\"impressumLabelInfo\" style=\"text-align: var(--text-align); background-color: transparent; color: var(--text-color,#0a214f); font-family: var(--font-family-base,'Nunito',sans-serif); font-size: var(--font-size-body,14px);\">(+49) 06206 &#8211; 8510<br \/><\/span><span class=\"impressumLabel\">FAX<\/span><span class=\"impressumLabelInfo\">(+49) 06206 &#8211; 707133<\/span><\/p><p class=\"impressumKontaktabsatz\"><span class=\"impressumLabel\">MAIL :<\/span><span class=\"impressumLabelInfo\">seil-brockamp@t-online.de<\/span><br class=\"clear\" \/><span class=\"impressumLabel\">WEB :<\/span><span class=\"impressumLabelInfo\">www.seilerei-brockamp.de<\/span><\/p><p class=\"impressumKontaktabsatz\">Responsable du contenu : Thomas Brockamp, adresse ci-dessus.<\/p><p class=\"impressumKontaktabsatz\">Num\u00e9ro fiscal : 00523300234<\/p><p class=\"impressumKontaktabsatz\">Num\u00e9ro de TVA : DE 815 245 727<\/p><p class=\"impressumKontaktabsatz\">HRB : 89539 (Tribunal d'instance de Darmstadt)<\/p><p class=\"impressumKontaktabsatz\">Cr\u00e9dits photographiques des produits :\u00a0<br \/><span data-olk-copy-source=\"MessageBody\">Sb-fotografien, Friedelsheimer Str.2, 67098 Bad D\u00fcrkheim<\/span><\/p><p class=\"impressumKontaktabsatz\">\u00a0<\/p>\t\t\t\t\t\t\t\t<\/div>\n\t\t\t\t<\/div>\n\t\t\t\t\t<\/div>\n\t\t\t\t<\/div>\n\t\t\t\t<\/div>","protected":false},"excerpt":{"rendered":"<p>Flecht- und Seilerei Brockamp GmbH G\u00e9rant : Thomas Brockamp Zum M\u00fchlgraben 18 D-68642 B\u00fcrstadtTEL.(+49) 06206 - 8510FAX(+49) 06206 - 707133 MAIL:seil-brockamp@t-online.deWEB:www.seilerei-brockamp.de Responsable du contenu : Thomas Brockamp, adresse voir ci-dessus. Num\u00e9ro d'identification fiscale : 00523300234 Num\u00e9ro de TVA : DE 815 245 727 HRB : 89539 (Tribunal d'instance de Darmstadt) Photos des produits : Sb-fotografien, Friedelsheimer Str.2, 67098 Bad D\u00fcrkheim \u00a0<\/p>","protected":false},"author":1,"featured_media":0,"parent":0,"menu_order":0,"comment_status":"closed","ping_status":"open","template":"","meta":{"footnotes":""},"class_list":["post-3","page","type-page","status-publish","hentry"],"_links":{"self":[{"href":"https:\/\/seilerei-brockamp.de\/fr\/wp-json\/wp\/v2\/pages\/3","targetHints":{"allow":["GET"]}}],"collection":[{"href":"https:\/\/seilerei-brockamp.de\/fr\/wp-json\/wp\/v2\/pages"}],"about":[{"href":"https:\/\/seilerei-brockamp.de\/fr\/wp-json\/wp\/v2\/types\/page"}],"author":[{"embeddable":true,"href":"https:\/\/seilerei-brockamp.de\/fr\/wp-json\/wp\/v2\/users\/1"}],"replies":[{"embeddable":true,"href":"https:\/\/seilerei-brockamp.de\/fr\/wp-json\/wp\/v2\/comments?post=3"}],"version-history":[{"count":10,"href":"https:\/\/seilerei-brockamp.de\/fr\/wp-json\/wp\/v2\/pages\/3\/revisions"}],"predecessor-version":[{"id":65291,"href":"https:\/\/seilerei-brockamp.de\/fr\/wp-json\/wp\/v2\/pages\/3\/revisions\/65291"}],"wp:attachment":[{"href":"https:\/\/seilerei-brockamp.de\/fr\/wp-json\/wp\/v2\/media?parent=3"}],"curies":[{"name":"wp","href":"https:\/\/api.w.org\/{rel}","templated":true}]}}